{"id":142,"date":"2021-12-20T13:16:20","date_gmt":"2021-12-20T12:16:20","guid":{"rendered":"https:\/\/aufildeno.com\/?page_id=142"},"modified":"2022-02-27T11:31:36","modified_gmt":"2022-02-27T10:31:36","slug":"livraisons-retours","status":"publish","type":"page","link":"https:\/\/aufildeno.com\/index.php\/livraisons-retours\/","title":{"rendered":"Livraisons &#038; Retours"},"content":{"rendered":"\n<h2 class=\"wp-block-heading\" id=\"expedition\">EXP\u00c9DITION<\/h2>\n\n\n\n<p>Les frais d\u2019envoi des produits sont \u00e0 la charge de l\u2019acheteur et varient selon le poids de la commande et le mode de livraison souhait\u00e9. Ils incluent \u00e9galement des frais de gestion.<\/p>\n\n\n\n<p>Nous nous d\u00e9gageons de toute responsabilit\u00e9 concernant tout retard de livraison, perte ou d\u00e9t\u00e9rioration du colis. Cependant, nous mettrons tout en \u0153uvre avec votre collaboration, pour porter r\u00e9clamation aupr\u00e8s du transporteur.<\/p>\n\n\n\n<p>Nos produits sont livr\u00e9s sous un d\u00e9lai de 7 jours ouvr\u00e9s. <\/p>\n\n\n\n<p>En cas de retour \u00e0 l&rsquo;exp\u00e9diteur de votre colis, nous vous demanderons de proc\u00e9der au paiement des frais de port li\u00e9s au renvoi dudit colis.<\/p>\n\n\n\n<h2 class=\"wp-block-heading\" id=\"remboursement\">REMBOURSEMENT<\/h2>\n\n\n\n<p>Conform\u00e9ment \u00e0 l\u2019article L221-18 du code de la consommation, vous avez 14 jours \u00e0 compter de la r\u00e9ception de votre commande pour vous r\u00e9tracter. Les frais de retour seront \u00e0 votre charge. Le(s) produit(s) devront \u00eatre retourn\u00e9s neufs et avec tous les accessoires associ\u00e9s, dans leur emballage d\u2019origine. Le cas contraire, aucun remboursement ne sera fait.<\/p>\n\n\n\n<p>Conform\u00e9ment \u00e0 l\u2019article 221-28 du m\u00eame code, ce droit \u00e0 la r\u00e9tractation ne s\u2019applique pas aux produits personnalis\u00e9s, faits sur demande.<\/p>\n","protected":false},"excerpt":{"rendered":"<p>EXP\u00c9DITION Les frais d\u2019envoi des produits sont \u00e0 la charge de l\u2019acheteur et varient selon le poids de la commande et le mode de livraison souhait\u00e9. Ils incluent \u00e9galement des frais de gestion. Nous nous d\u00e9gageons de toute responsabilit\u00e9 concernant tout retard de livraison, perte ou d\u00e9t\u00e9rioration du colis. Cependant, nous mettrons tout en \u0153uvre avec votre collaboration, pour porter r\u00e9clamation aupr\u00e8s du transporteur. Nos produits sont livr\u00e9s sous un d\u00e9lai de 7 jours ouvr\u00e9s. En cas de retour \u00e0 l&rsquo;exp\u00e9diteur de votre colis, nous vous demanderons de proc\u00e9der au paiement des frais de port li\u00e9s au renvoi dudit colis. REMBOURSEMENT Conform\u00e9ment \u00e0 l\u2019article L221-18 du code de la consommation, vous avez 14 jours \u00e0 compter de la r\u00e9ception de votre commande pour vous r\u00e9tracter. Les frais de retour seront \u00e0 votre charge. Le(s) produit(s) devront \u00eatre retourn\u00e9s neufs et avec tous les accessoires associ\u00e9s, dans leur emballage d\u2019origine. Le cas contraire, aucun remboursement ne sera fait. Conform\u00e9ment \u00e0 l\u2019article 221-28 du m\u00eame code, ce droit \u00e0 la r\u00e9tractation ne s\u2019applique pas aux produits personnalis\u00e9s, faits sur demande.<\/p>\n","protected":false},"author":1,"featured_media":0,"parent":0,"menu_order":0,"comment_status":"closed","ping_status":"closed","template":"","meta":{"footnotes":""},"class_list":["post-142","page","type-page","status-publish","hentry"],"yoast_head":"<!-- This site is optimized with the Yoast SEO plugin v27.4 - https:\/\/yoast.com\/product\/yoast-seo-wordpress\/ -->\n<title>Livraisons &amp; Retours - Au Fil d&#039;Eno<\/title>\n<meta name=\"robots\" content=\"index, follow, max-snippet:-1, max-image-preview:large, max-video-preview:-1\" \/>\n<link rel=\"canonical\" href=\"https:\/\/aufildeno.com\/index.php\/livraisons-retours\/\" \/>\n<meta property=\"og:locale\" content=\"fr_FR\" \/>\n<meta property=\"og:type\" content=\"article\" \/>\n<meta property=\"og:title\" content=\"Livraisons &amp; Retours - Au Fil d&#039;Eno\" \/>\n<meta property=\"og:description\" content=\"EXP\u00c9DITION Les frais d\u2019envoi des produits sont \u00e0 la charge de l\u2019acheteur et varient selon le poids de la commande et le mode de livraison souhait\u00e9. Ils incluent \u00e9galement des frais de gestion. Nous nous d\u00e9gageons de toute responsabilit\u00e9 concernant tout retard de livraison, perte ou d\u00e9t\u00e9rioration du colis. Cependant, nous mettrons tout en \u0153uvre avec votre collaboration, pour porter r\u00e9clamation aupr\u00e8s du transporteur. Nos produits sont livr\u00e9s sous un d\u00e9lai de 7 jours ouvr\u00e9s. En cas de retour \u00e0 l&rsquo;exp\u00e9diteur de votre colis, nous vous demanderons de proc\u00e9der au paiement des frais de port li\u00e9s au renvoi dudit colis. REMBOURSEMENT Conform\u00e9ment \u00e0 l\u2019article L221-18 du code de la consommation, vous avez 14 jours \u00e0 compter de la r\u00e9ception de votre commande pour vous r\u00e9tracter. Les frais de retour seront \u00e0 votre charge. Le(s) produit(s) devront \u00eatre retourn\u00e9s neufs et avec tous les accessoires associ\u00e9s, dans leur emballage d\u2019origine. Le cas contraire, aucun remboursement ne sera fait. Conform\u00e9ment \u00e0 l\u2019article 221-28 du m\u00eame code, ce droit \u00e0 la r\u00e9tractation ne s\u2019applique pas aux produits personnalis\u00e9s, faits sur demande.\" \/>\n<meta property=\"og:url\" content=\"https:\/\/aufildeno.com\/index.php\/livraisons-retours\/\" \/>\n<meta property=\"og:site_name\" content=\"Au Fil d&#039;Eno\" \/>\n<meta property=\"article:publisher\" content=\"https:\/\/www.facebook.com\/aufildenola\" \/>\n<meta property=\"article:modified_time\" content=\"2022-02-27T10:31:36+00:00\" \/>\n<meta name=\"twitter:card\" content=\"summary_large_image\" \/>\n<meta name=\"twitter:label1\" content=\"Dur\u00e9e de lecture estim\u00e9e\" \/>\n\t<meta name=\"twitter:data1\" content=\"1 minute\" \/>\n<script type=\"application\/ld+json\" class=\"yoast-schema-graph\">{\"@context\":\"https:\\\/\\\/schema.org\",\"@graph\":[{\"@type\":\"WebPage\",\"@id\":\"https:\\\/\\\/aufildeno.com\\\/index.php\\\/livraisons-retours\\\/\",\"url\":\"https:\\\/\\\/aufildeno.com\\\/index.php\\\/livraisons-retours\\\/\",\"name\":\"Livraisons & Retours - Au Fil d&#039;Eno\",\"isPartOf\":{\"@id\":\"https:\\\/\\\/aufildeno.com\\\/#website\"},\"datePublished\":\"2021-12-20T12:16:20+00:00\",\"dateModified\":\"2022-02-27T10:31:36+00:00\",\"breadcrumb\":{\"@id\":\"https:\\\/\\\/aufildeno.com\\\/index.php\\\/livraisons-retours\\\/#breadcrumb\"},\"inLanguage\":\"fr-FR\",\"potentialAction\":[{\"@type\":\"ReadAction\",\"target\":[\"https:\\\/\\\/aufildeno.com\\\/index.php\\\/livraisons-retours\\\/\"]}]},{\"@type\":\"BreadcrumbList\",\"@id\":\"https:\\\/\\\/aufildeno.com\\\/index.php\\\/livraisons-retours\\\/#breadcrumb\",\"itemListElement\":[{\"@type\":\"ListItem\",\"position\":1,\"name\":\"Home\",\"item\":\"https:\\\/\\\/aufildeno.com\\\/\"},{\"@type\":\"ListItem\",\"position\":2,\"name\":\"Livraisons &#038; Retours\"}]},{\"@type\":\"WebSite\",\"@id\":\"https:\\\/\\\/aufildeno.com\\\/#website\",\"url\":\"https:\\\/\\\/aufildeno.com\\\/\",\"name\":\"Au Fil d&#039;Eno\",\"description\":\"\",\"potentialAction\":[{\"@type\":\"SearchAction\",\"target\":{\"@type\":\"EntryPoint\",\"urlTemplate\":\"https:\\\/\\\/aufildeno.com\\\/?s={search_term_string}\"},\"query-input\":{\"@type\":\"PropertyValueSpecification\",\"valueRequired\":true,\"valueName\":\"search_term_string\"}}],\"inLanguage\":\"fr-FR\"}]}<\/script>\n<!-- \/ Yoast SEO plugin. -->","yoast_head_json":{"title":"Livraisons & Retours - Au Fil d&#039;Eno","robots":{"index":"index","follow":"follow","max-snippet":"max-snippet:-1","max-image-preview":"max-image-preview:large","max-video-preview":"max-video-preview:-1"},"canonical":"https:\/\/aufildeno.com\/index.php\/livraisons-retours\/","og_locale":"fr_FR","og_type":"article","og_title":"Livraisons & Retours - Au Fil d&#039;Eno","og_description":"EXP\u00c9DITION Les frais d\u2019envoi des produits sont \u00e0 la charge de l\u2019acheteur et varient selon le poids de la commande et le mode de livraison souhait\u00e9. Ils incluent \u00e9galement des frais de gestion. Nous nous d\u00e9gageons de toute responsabilit\u00e9 concernant tout retard de livraison, perte ou d\u00e9t\u00e9rioration du colis. Cependant, nous mettrons tout en \u0153uvre avec votre collaboration, pour porter r\u00e9clamation aupr\u00e8s du transporteur. Nos produits sont livr\u00e9s sous un d\u00e9lai de 7 jours ouvr\u00e9s. En cas de retour \u00e0 l&rsquo;exp\u00e9diteur de votre colis, nous vous demanderons de proc\u00e9der au paiement des frais de port li\u00e9s au renvoi dudit colis. REMBOURSEMENT Conform\u00e9ment \u00e0 l\u2019article L221-18 du code de la consommation, vous avez 14 jours \u00e0 compter de la r\u00e9ception de votre commande pour vous r\u00e9tracter. Les frais de retour seront \u00e0 votre charge. Le(s) produit(s) devront \u00eatre retourn\u00e9s neufs et avec tous les accessoires associ\u00e9s, dans leur emballage d\u2019origine. Le cas contraire, aucun remboursement ne sera fait. Conform\u00e9ment \u00e0 l\u2019article 221-28 du m\u00eame code, ce droit \u00e0 la r\u00e9tractation ne s\u2019applique pas aux produits personnalis\u00e9s, faits sur demande.","og_url":"https:\/\/aufildeno.com\/index.php\/livraisons-retours\/","og_site_name":"Au Fil d&#039;Eno","article_publisher":"https:\/\/www.facebook.com\/aufildenola","article_modified_time":"2022-02-27T10:31:36+00:00","twitter_card":"summary_large_image","twitter_misc":{"Dur\u00e9e de lecture estim\u00e9e":"1 minute"},"schema":{"@context":"https:\/\/schema.org","@graph":[{"@type":"WebPage","@id":"https:\/\/aufildeno.com\/index.php\/livraisons-retours\/","url":"https:\/\/aufildeno.com\/index.php\/livraisons-retours\/","name":"Livraisons & Retours - Au Fil d&#039;Eno","isPartOf":{"@id":"https:\/\/aufildeno.com\/#website"},"datePublished":"2021-12-20T12:16:20+00:00","dateModified":"2022-02-27T10:31:36+00:00","breadcrumb":{"@id":"https:\/\/aufildeno.com\/index.php\/livraisons-retours\/#breadcrumb"},"inLanguage":"fr-FR","potentialAction":[{"@type":"ReadAction","target":["https:\/\/aufildeno.com\/index.php\/livraisons-retours\/"]}]},{"@type":"BreadcrumbList","@id":"https:\/\/aufildeno.com\/index.php\/livraisons-retours\/#breadcrumb","itemListElement":[{"@type":"ListItem","position":1,"name":"Home","item":"https:\/\/aufildeno.com\/"},{"@type":"ListItem","position":2,"name":"Livraisons &#038; Retours"}]},{"@type":"WebSite","@id":"https:\/\/aufildeno.com\/#website","url":"https:\/\/aufildeno.com\/","name":"Au Fil d&#039;Eno","description":"","potentialAction":[{"@type":"SearchAction","target":{"@type":"EntryPoint","urlTemplate":"https:\/\/aufildeno.com\/?s={search_term_string}"},"query-input":{"@type":"PropertyValueSpecification","valueRequired":true,"valueName":"search_term_string"}}],"inLanguage":"fr-FR"}]}},"jetpack_sharing_enabled":true,"_links":{"self":[{"href":"https:\/\/aufildeno.com\/index.php\/wp-json\/wp\/v2\/pages\/142","targetHints":{"allow":["GET"]}}],"collection":[{"href":"https:\/\/aufildeno.com\/index.php\/wp-json\/wp\/v2\/pages"}],"about":[{"href":"https:\/\/aufildeno.com\/index.php\/wp-json\/wp\/v2\/types\/page"}],"author":[{"embeddable":true,"href":"https:\/\/aufildeno.com\/index.php\/wp-json\/wp\/v2\/users\/1"}],"replies":[{"embeddable":true,"href":"https:\/\/aufildeno.com\/index.php\/wp-json\/wp\/v2\/comments?post=142"}],"version-history":[{"count":4,"href":"https:\/\/aufildeno.com\/index.php\/wp-json\/wp\/v2\/pages\/142\/revisions"}],"predecessor-version":[{"id":399,"href":"https:\/\/aufildeno.com\/index.php\/wp-json\/wp\/v2\/pages\/142\/revisions\/399"}],"wp:attachment":[{"href":"https:\/\/aufildeno.com\/index.php\/wp-json\/wp\/v2\/media?parent=142"}],"curies":[{"name":"wp","href":"https:\/\/api.w.org\/{rel}","templated":true}]}}