{"id":319,"date":"2022-01-30T18:44:29","date_gmt":"2022-01-30T17:44:29","guid":{"rendered":"https:\/\/aufildeno.com\/index.php\/page-daccueil\/"},"modified":"2022-03-07T13:13:11","modified_gmt":"2022-03-07T12:13:11","slug":"page-daccueil","status":"publish","type":"page","link":"https:\/\/aufildeno.com\/","title":{"rendered":"Au Fil d&rsquo;Eno"},"content":{"rendered":"\n<div class=\"wp-block-cover is-light\"><span aria-hidden=\"true\" class=\"has-background-dim-0 wp-block-cover__gradient-background has-background-dim\"><\/span><img loading=\"lazy\" decoding=\"async\" width=\"2048\" height=\"1536\" class=\"wp-block-cover__image-background wp-image-327\" alt=\"\" src=\"https:\/\/aufildeno.com\/wp-content\/uploads\/2022\/01\/Photos-produits-site-internet-97.png\" data-object-fit=\"cover\" srcset=\"https:\/\/aufildeno.com\/wp-content\/uploads\/2022\/01\/Photos-produits-site-internet-97.png 2048w, https:\/\/aufildeno.com\/wp-content\/uploads\/2022\/01\/Photos-produits-site-internet-97-600x450.png 600w, https:\/\/aufildeno.com\/wp-content\/uploads\/2022\/01\/Photos-produits-site-internet-97-300x225.png 300w, https:\/\/aufildeno.com\/wp-content\/uploads\/2022\/01\/Photos-produits-site-internet-97-1024x768.png 1024w, https:\/\/aufildeno.com\/wp-content\/uploads\/2022\/01\/Photos-produits-site-internet-97-768x576.png 768w, https:\/\/aufildeno.com\/wp-content\/uploads\/2022\/01\/Photos-produits-site-internet-97-1536x1152.png 1536w, https:\/\/aufildeno.com\/wp-content\/uploads\/2022\/01\/Photos-produits-site-internet-97-1140x855.png 1140w\" sizes=\"auto, (max-width: 2048px) 100vw, 2048px\" \/><div class=\"wp-block-cover__inner-container is-layout-flow wp-block-cover-is-layout-flow\">\n<p class=\"has-text-align-center has-white-color has-text-color has-large-font-size\" style=\"font-style:italic;font-weight:400\">Bienvenue Sur <\/p>\n\n\n\n<p class=\"has-text-align-center has-white-color has-text-color has-large-font-size\" style=\"font-style:italic;font-weight:400;text-transform:capitalize\">\u00ab\u00a0Au Fil d&rsquo;Eno\u00a0\u00bb<\/p>\n\n\n\n<p class=\"has-text-align-center has-white-color has-text-color\">Cr\u00e9atrice de doux moments<\/p>\n\n\n\n<div class=\"wp-block-button aligncenter\"><a class=\"wp-block-button__link\" href=\"https:\/\/aufildeno.com\/\">La boutique<\/a><\/div>\n<\/div><\/div>\n\n\n\n<div class=\"wp-block-columns is-layout-flex wp-container-core-columns-is-layout-9d6595d7 wp-block-columns-is-layout-flex\">\n<div class=\"wp-block-column is-layout-flow wp-block-column-is-layout-flow\"><div data-block-name=\"woocommerce\/featured-category\" data-category-id=\"20\" data-edit-mode=\"false\" class=\"wc-block-featured-category alignnone has-background-dim wp-block-woocommerce-featured-category\" style=\"min-height:500px;\"><div class=\"wc-block-featured-category__wrapper\"><div class=\"background-dim__overlay\" style=\"background-color: #000000\"><\/div><img decoding=\"async\" alt=\"Accessoires cheveux\" class=\"wc-block-featured-category__background-image\" src=\"https:\/\/aufildeno.com\/wp-content\/uploads\/2021\/10\/247301031_166389735697483_1067271273441884618_n-e1635005125368.jpg\" style=\"object-fit: none;object-position: 50% 50%;\" \/><h2 class=\"wc-block-featured-category__title\">Accessoires cheveux<\/h2><div class=\"wc-block-featured-category__description\"><\/div><div class=\"wc-block-featured-category__inner-blocks\">\n\n<div class=\"wp-block-button aligncenter\"><a class=\"wp-block-button__link\" href=\"https:\/\/aufildeno.com\/index.php\/product-category\/accessoires-cheveux\/\">Acheter maintenant<\/a><\/div>\n\n<\/div><\/div><\/div><\/div>\n\n\n\n<div class=\"wp-block-column is-layout-flow wp-block-column-is-layout-flow\"><div data-block-name=\"woocommerce\/featured-category\" data-category-id=\"47\" data-edit-mode=\"false\" class=\"wc-block-featured-category alignnone has-background-dim wp-block-woocommerce-featured-category\" style=\"min-height:500px;\"><div class=\"wc-block-featured-category__wrapper\"><div class=\"background-dim__overlay\" style=\"background-color: #000000\"><\/div><img decoding=\"async\" alt=\"Nos cotons et lingettes\" class=\"wc-block-featured-category__background-image\" src=\"https:\/\/aufildeno.com\/wp-content\/uploads\/2022\/01\/Photos-produits-site-internet-76-1024x768.png\" style=\"object-fit: none;object-position: 50% 50%;\" \/><h2 class=\"wc-block-featured-category__title\">Nos cotons et lingettes<\/h2><div class=\"wc-block-featured-category__description\"><\/div><div class=\"wc-block-featured-category__inner-blocks\">\n\n<div class=\"wp-block-button aligncenter\"><a class=\"wp-block-button__link\" href=\"https:\/\/aufildeno.com\/index.php\/product-category\/cotons-et-lingettes\/\">Acheter maintenant<\/a><\/div>\n\n<\/div><\/div><\/div><\/div>\n<\/div>\n\n\n\n<div class=\"wp-block-columns is-layout-flex wp-container-core-columns-is-layout-9d6595d7 wp-block-columns-is-layout-flex\">\n<div class=\"wp-block-column is-layout-flow wp-block-column-is-layout-flow\"><div data-block-name=\"woocommerce\/featured-category\" data-category-id=\"34\" data-edit-mode=\"false\" class=\"wc-block-featured-category alignnone has-background-dim wp-block-woocommerce-featured-category\" style=\"min-height:500px;\"><div class=\"wc-block-featured-category__wrapper\"><div class=\"background-dim__overlay\" style=\"background-color: #000000\"><\/div><img decoding=\"async\" alt=\"Dans la salle de bain\" class=\"wc-block-featured-category__background-image\" src=\"https:\/\/aufildeno.com\/wp-content\/uploads\/2022\/01\/Photos-produits-site-internet-29-1024x768.png\" style=\"object-fit: none;object-position: 50% 50%;\" \/><h2 class=\"wc-block-featured-category__title\">Dans la salle de bain<\/h2><div class=\"wc-block-featured-category__description\"><\/div><div class=\"wc-block-featured-category__inner-blocks\">\n\n<div class=\"wp-block-button aligncenter\"><a class=\"wp-block-button__link\" href=\"https:\/\/aufildeno.com\/index.php\/product-category\/dans-la-salle-de-bain\/\">Acheter maintenant<\/a><\/div>\n\n<\/div><\/div><\/div><\/div>\n\n\n\n<div class=\"wp-block-column is-layout-flow wp-block-column-is-layout-flow\"><div data-block-name=\"woocommerce\/featured-category\" data-category-id=\"33\" data-edit-mode=\"false\" class=\"wc-block-featured-category alignnone has-background-dim wp-block-woocommerce-featured-category\" style=\"min-height:500px;\"><div class=\"wc-block-featured-category__wrapper\"><div class=\"background-dim__overlay\" style=\"background-color: #000000\"><\/div><img decoding=\"async\" alt=\"Pour voyager\" class=\"wc-block-featured-category__background-image\" src=\"https:\/\/aufildeno.com\/wp-content\/uploads\/2022\/01\/Photos-produits-site-internet-18-1024x768.png\" style=\"object-fit: none;object-position: 50% 50%;\" \/><h2 class=\"wc-block-featured-category__title\">Pour voyager<\/h2><div class=\"wc-block-featured-category__description\"><\/div><div class=\"wc-block-featured-category__inner-blocks\">\n\n<div class=\"wp-block-button aligncenter\"><a class=\"wp-block-button__link\" href=\"https:\/\/aufildeno.com\/index.php\/product-category\/pour-voyager\/\">Acheter maintenant<\/a><\/div>\n\n<\/div><\/div><\/div><\/div>\n<\/div>\n\n\n\n<h2 class=\"has-text-align-center wp-block-heading\" id=\"vos-produits-preferes\">Vos produits pr\u00e9f\u00e9r\u00e9s<\/h2>\n\n\n<div data-block-name=\"woocommerce\/product-best-sellers\" data-columns=\"4\" data-rows=\"1\" class=\"wc-block-grid wp-block-product-best-sellers wp-block-woocommerce-product-best-sellers wc-block-product-best-sellers has-4-columns\"><ul class=\"wc-block-grid__products\"><li class=\"wc-block-grid__product\">\n\t\t\t\t<a href=\"https:\/\/aufildeno.com\/index.php\/product\/lot-decouverte-de-5-cotons\/\" class=\"wc-block-grid__product-link\">\n\t\t\t\t\t\n\t\t\t\t\t<div class=\"wc-block-grid__product-image\"><img loading=\"lazy\" decoding=\"async\" width=\"400\" height=\"400\" src=\"https:\/\/aufildeno.com\/wp-content\/uploads\/2022\/01\/Photos-produits-site-internet-43-1-400x400.png\" class=\"attachment-woocommerce_thumbnail size-woocommerce_thumbnail\" alt=\"Lot d\u00e9couverte de 5 cotons\" srcset=\"https:\/\/aufildeno.com\/wp-content\/uploads\/2022\/01\/Photos-produits-site-internet-43-1-400x400.png 400w, https:\/\/aufildeno.com\/wp-content\/uploads\/2022\/01\/Photos-produits-site-internet-43-1-100x100.png 100w, https:\/\/aufildeno.com\/wp-content\/uploads\/2022\/01\/Photos-produits-site-internet-43-1-150x150.png 150w, https:\/\/aufildeno.com\/wp-content\/uploads\/2022\/01\/Photos-produits-site-internet-43-1-300x300.png 300w, https:\/\/aufildeno.com\/wp-content\/uploads\/2022\/01\/Photos-produits-site-internet-43-1-75x75.png 75w\" sizes=\"auto, (max-width: 400px) 100vw, 400px\" \/><\/div>\n\t\t\t\t\t<div class=\"wc-block-grid__product-title\">Lot d\u00e9couverte de 5 cotons<\/div>\n\t\t\t\t<\/a>\n\t\t\t\t<div class=\"wc-block-grid__product-price price\"><span class=\"woocommerce-Price-amount amount\">10,00<span class=\"woocommerce-Price-currencySymbol\">&euro;<\/span><\/span><\/div>\n\t\t\t\t\n\t\t\t\t<div class=\"wp-block-button wc-block-grid__product-add-to-cart\"><a href=\"https:\/\/aufildeno.com\/index.php\/product\/lot-decouverte-de-5-cotons\/\" aria-label=\"S\u00e9lectionner les options pour &ldquo;Lot d\u00e9couverte de 5 cotons&rdquo;\" data-quantity=\"1\" data-product_id=\"230\" data-product_sku=\"lot-d\u00e9couverte-5-cotons\" data-price=\"10\" rel=\"nofollow\" class=\"wp-block-button__link  add_to_cart_button\">Choix des options<\/a><\/div>\n\t\t\t<\/li><li class=\"wc-block-grid__product\">\n\t\t\t\t<a href=\"https:\/\/aufildeno.com\/index.php\/product\/filet-a-savons\/\" class=\"wc-block-grid__product-link\">\n\t\t\t\t\t\n\t\t\t\t\t<div class=\"wc-block-grid__product-image\"><img loading=\"lazy\" decoding=\"async\" width=\"400\" height=\"400\" src=\"https:\/\/aufildeno.com\/wp-content\/uploads\/2022\/01\/Photos-produits-site-internet-11-400x400.jpg\" class=\"attachment-woocommerce_thumbnail size-woocommerce_thumbnail\" alt=\"Filet \u00e0 savons\" srcset=\"https:\/\/aufildeno.com\/wp-content\/uploads\/2022\/01\/Photos-produits-site-internet-11-400x400.jpg 400w, https:\/\/aufildeno.com\/wp-content\/uploads\/2022\/01\/Photos-produits-site-internet-11-150x150.jpg 150w, https:\/\/aufildeno.com\/wp-content\/uploads\/2022\/01\/Photos-produits-site-internet-11-300x300.jpg 300w, https:\/\/aufildeno.com\/wp-content\/uploads\/2022\/01\/Photos-produits-site-internet-11-75x75.jpg 75w, https:\/\/aufildeno.com\/wp-content\/uploads\/2022\/01\/Photos-produits-site-internet-11-100x100.jpg 100w\" sizes=\"auto, (max-width: 400px) 100vw, 400px\" \/><\/div>\n\t\t\t\t\t<div class=\"wc-block-grid__product-title\">Filet \u00e0 savons<\/div>\n\t\t\t\t<\/a>\n\t\t\t\t<div class=\"wc-block-grid__product-price price\"><span class=\"woocommerce-Price-amount amount\">10,00<span class=\"woocommerce-Price-currencySymbol\">&euro;<\/span><\/span><\/div>\n\t\t\t\t\n\t\t\t\t<div class=\"wp-block-button wc-block-grid__product-add-to-cart\"><a href=\"https:\/\/aufildeno.com\/index.php\/product\/filet-a-savons\/\" aria-label=\"S\u00e9lectionner les options pour &ldquo;Filet \u00e0 savons&rdquo;\" data-quantity=\"1\" data-product_id=\"204\" data-product_sku=\"filet \u00e0 savon\" data-price=\"10\" rel=\"nofollow\" class=\"wp-block-button__link  add_to_cart_button\">Choix des options<\/a><\/div>\n\t\t\t<\/li><li class=\"wc-block-grid__product\">\n\t\t\t\t<a href=\"https:\/\/aufildeno.com\/index.php\/product\/trousse-de-toilette-liconique-matelassee\/\" class=\"wc-block-grid__product-link\">\n\t\t\t\t\t\n\t\t\t\t\t<div class=\"wc-block-grid__product-image\"><img loading=\"lazy\" decoding=\"async\" width=\"400\" height=\"400\" src=\"https:\/\/aufildeno.com\/wp-content\/uploads\/2026\/01\/Photos-produits-site-internet-31-400x400.jpg\" class=\"attachment-woocommerce_thumbnail size-woocommerce_thumbnail\" alt=\"Trousse de toilette - L\u2019iconique matelass\u00e9e\" srcset=\"https:\/\/aufildeno.com\/wp-content\/uploads\/2026\/01\/Photos-produits-site-internet-31-400x400.jpg 400w, https:\/\/aufildeno.com\/wp-content\/uploads\/2026\/01\/Photos-produits-site-internet-31-150x150.jpg 150w, https:\/\/aufildeno.com\/wp-content\/uploads\/2026\/01\/Photos-produits-site-internet-31-300x300.jpg 300w, https:\/\/aufildeno.com\/wp-content\/uploads\/2026\/01\/Photos-produits-site-internet-31-75x75.jpg 75w, https:\/\/aufildeno.com\/wp-content\/uploads\/2026\/01\/Photos-produits-site-internet-31-100x100.jpg 100w\" sizes=\"auto, (max-width: 400px) 100vw, 400px\" \/><\/div>\n\t\t\t\t\t<div class=\"wc-block-grid__product-title\">Trousse de toilette &#8211; L\u2019iconique matelass\u00e9e<\/div>\n\t\t\t\t<\/a>\n\t\t\t\t<div class=\"wc-block-grid__product-price price\"><span class=\"woocommerce-Price-amount amount\">35,00<span class=\"woocommerce-Price-currencySymbol\">&euro;<\/span><\/span><\/div>\n\t\t\t\t\n\t\t\t\t<div class=\"wp-block-button wc-block-grid__product-add-to-cart\"><a href=\"https:\/\/aufildeno.com\/index.php\/product\/trousse-de-toilette-liconique-matelassee\/\" aria-label=\"S\u00e9lectionner les options pour &ldquo;Trousse de toilette - L\u2019iconique matelass\u00e9e&rdquo;\" data-quantity=\"1\" data-product_id=\"971\" data-product_sku=\"\" data-price=\"35\" rel=\"nofollow\" class=\"wp-block-button__link  add_to_cart_button\">Choix des options<\/a><\/div>\n\t\t\t<\/li><li class=\"wc-block-grid__product\">\n\t\t\t\t<a href=\"https:\/\/aufildeno.com\/index.php\/product\/grande-paniere-de-rangement-romantique\/\" class=\"wc-block-grid__product-link\">\n\t\t\t\t\t\n\t\t\t\t\t<div class=\"wc-block-grid__product-image\"><img loading=\"lazy\" decoding=\"async\" width=\"400\" height=\"400\" src=\"https:\/\/aufildeno.com\/wp-content\/uploads\/2022\/06\/Photos-produits-site-internet-61-400x400.png\" class=\"attachment-woocommerce_thumbnail size-woocommerce_thumbnail\" alt=\"Grande pani\u00e8re de rangement &quot;romantique&quot;\" srcset=\"https:\/\/aufildeno.com\/wp-content\/uploads\/2022\/06\/Photos-produits-site-internet-61-400x400.png 400w, https:\/\/aufildeno.com\/wp-content\/uploads\/2022\/06\/Photos-produits-site-internet-61-100x100.png 100w, https:\/\/aufildeno.com\/wp-content\/uploads\/2022\/06\/Photos-produits-site-internet-61-800x800.png 800w\" sizes=\"auto, (max-width: 400px) 100vw, 400px\" \/><\/div>\n\t\t\t\t\t<div class=\"wc-block-grid__product-title\">Grande pani\u00e8re de rangement \u00ab\u00a0romantique\u00a0\u00bb<\/div>\n\t\t\t\t<\/a>\n\t\t\t\t<div class=\"wc-block-grid__product-price price\"><span class=\"woocommerce-Price-amount amount\">14,00<span class=\"woocommerce-Price-currencySymbol\">&euro;<\/span><\/span><\/div>\n\t\t\t\t\n\t\t\t\t<div class=\"wp-block-button wc-block-grid__product-add-to-cart\"><a href=\"https:\/\/aufildeno.com\/index.php\/product\/grande-paniere-de-rangement-romantique\/\" aria-label=\"S\u00e9lectionner les options pour &ldquo;Grande pani\u00e8re de rangement &quot;romantique&quot;&rdquo;\" data-quantity=\"1\" data-product_id=\"511\" data-product_sku=\"Grande-pani\u00e8re-romantique\" data-price=\"14\" rel=\"nofollow\" class=\"wp-block-button__link  add_to_cart_button\">Choix des options<\/a><\/div>\n\t\t\t<\/li><\/ul><\/div>\n\n\n<ul class=\"wp-block-social-links aligncenter is-layout-flex wp-block-social-links-is-layout-flex\"><li class=\"wp-social-link wp-social-link-facebook  wp-block-social-link\"><a href=\"https:\/\/www.facebook.com\/aufildenola\" class=\"wp-block-social-link-anchor\"><svg width=\"24\" height=\"24\" viewBox=\"0 0 24 24\" version=\"1.1\" xmlns=\"http:\/\/www.w3.org\/2000\/svg\" aria-hidden=\"true\" focusable=\"false\"><path d=\"M12 2C6.5 2 2 6.5 2 12c0 5 3.7 9.1 8.4 9.9v-7H7.9V12h2.5V9.8c0-2.5 1.5-3.9 3.8-3.9 1.1 0 2.2.2 2.2.2v2.5h-1.3c-1.2 0-1.6.8-1.6 1.6V12h2.8l-.4 2.9h-2.3v7C18.3 21.1 22 17 22 12c0-5.5-4.5-10-10-10z\"><\/path><\/svg><span class=\"wp-block-social-link-label screen-reader-text\">Facebook<\/span><\/a><\/li>\n\n<li class=\"wp-social-link wp-social-link-instagram  wp-block-social-link\"><a href=\"https:\/\/www.instagram.com\/aufildenola\/\" class=\"wp-block-social-link-anchor\"><svg width=\"24\" height=\"24\" viewBox=\"0 0 24 24\" version=\"1.1\" xmlns=\"http:\/\/www.w3.org\/2000\/svg\" aria-hidden=\"true\" focusable=\"false\"><path d=\"M12,4.622c2.403,0,2.688,0.009,3.637,0.052c0.877,0.04,1.354,0.187,1.671,0.31c0.42,0.163,0.72,0.358,1.035,0.673 c0.315,0.315,0.51,0.615,0.673,1.035c0.123,0.317,0.27,0.794,0.31,1.671c0.043,0.949,0.052,1.234,0.052,3.637 s-0.009,2.688-0.052,3.637c-0.04,0.877-0.187,1.354-0.31,1.671c-0.163,0.42-0.358,0.72-0.673,1.035 c-0.315,0.315-0.615,0.51-1.035,0.673c-0.317,0.123-0.794,0.27-1.671,0.31c-0.949,0.043-1.233,0.052-3.637,0.052 s-2.688-0.009-3.637-0.052c-0.877-0.04-1.354-0.187-1.671-0.31c-0.42-0.163-0.72-0.358-1.035-0.673 c-0.315-0.315-0.51-0.615-0.673-1.035c-0.123-0.317-0.27-0.794-0.31-1.671C4.631,14.688,4.622,14.403,4.622,12 s0.009-2.688,0.052-3.637c0.04-0.877,0.187-1.354,0.31-1.671c0.163-0.42,0.358-0.72,0.673-1.035 c0.315-0.315,0.615-0.51,1.035-0.673c0.317-0.123,0.794-0.27,1.671-0.31C9.312,4.631,9.597,4.622,12,4.622 M12,3 C9.556,3,9.249,3.01,8.289,3.054C7.331,3.098,6.677,3.25,6.105,3.472C5.513,3.702,5.011,4.01,4.511,4.511 c-0.5,0.5-0.808,1.002-1.038,1.594C3.25,6.677,3.098,7.331,3.054,8.289C3.01,9.249,3,9.556,3,12c0,2.444,0.01,2.751,0.054,3.711 c0.044,0.958,0.196,1.612,0.418,2.185c0.23,0.592,0.538,1.094,1.038,1.594c0.5,0.5,1.002,0.808,1.594,1.038 c0.572,0.222,1.227,0.375,2.185,0.418C9.249,20.99,9.556,21,12,21s2.751-0.01,3.711-0.054c0.958-0.044,1.612-0.196,2.185-0.418 c0.592-0.23,1.094-0.538,1.594-1.038c0.5-0.5,0.808-1.002,1.038-1.594c0.222-0.572,0.375-1.227,0.418-2.185 C20.99,14.751,21,14.444,21,12s-0.01-2.751-0.054-3.711c-0.044-0.958-0.196-1.612-0.418-2.185c-0.23-0.592-0.538-1.094-1.038-1.594 c-0.5-0.5-1.002-0.808-1.594-1.038c-0.572-0.222-1.227-0.375-2.185-0.418C14.751,3.01,14.444,3,12,3L12,3z M12,7.378 c-2.552,0-4.622,2.069-4.622,4.622S9.448,16.622,12,16.622s4.622-2.069,4.622-4.622S14.552,7.378,12,7.378z M12,15 c-1.657,0-3-1.343-3-3s1.343-3,3-3s3,1.343,3,3S13.657,15,12,15z M16.804,6.116c-0.596,0-1.08,0.484-1.08,1.08 s0.484,1.08,1.08,1.08c0.596,0,1.08-0.484,1.08-1.08S17.401,6.116,16.804,6.116z\"><\/path><\/svg><span class=\"wp-block-social-link-label screen-reader-text\">Instagram<\/span><\/a><\/li><\/ul>\n\n\n\n<p><\/p>\n","protected":false},"excerpt":{"rendered":"<p>Vos produits pr\u00e9f\u00e9r\u00e9s<\/p>\n","protected":false},"author":1,"featured_media":0,"parent":0,"menu_order":0,"comment_status":"closed","ping_status":"closed","template":"","meta":{"footnotes":""},"class_list":["post-319","page","type-page","status-publish","hentry"],"yoast_head":"<!-- This site is optimized with the Yoast SEO plugin v27.4 - https:\/\/yoast.com\/product\/yoast-seo-wordpress\/ -->\n<title>Au Fil d&#039;Eno - Au Fil d&#039;Eno<\/title>\n<meta name=\"description\" content=\"Au Fil D&#039;Eno ce sont des cr\u00e9ations textiles pour accompagner vos routines beaut\u00e9 et bien \u00eatre (chouchous, cotons, pochettes \u00e0 savon, ...).\" \/>\n<meta name=\"robots\" content=\"index, follow, max-snippet:-1, max-image-preview:large, max-video-preview:-1\" \/>\n<link rel=\"canonical\" href=\"https:\/\/aufildeno.com\/\" \/>\n<meta property=\"og:locale\" content=\"fr_FR\" \/>\n<meta property=\"og:type\" content=\"article\" \/>\n<meta property=\"og:title\" content=\"Au Fil d&#039;Eno - Au Fil d&#039;Eno\" \/>\n<meta property=\"og:description\" content=\"Au Fil D&#039;Eno ce sont des cr\u00e9ations textiles pour accompagner vos routines beaut\u00e9 et bien \u00eatre (chouchous, cotons, pochettes \u00e0 savon, ...).\" \/>\n<meta property=\"og:url\" content=\"https:\/\/aufildeno.com\/\" \/>\n<meta property=\"og:site_name\" content=\"Au Fil d&#039;Eno\" \/>\n<meta property=\"article:publisher\" content=\"https:\/\/www.facebook.com\/aufildenola\" \/>\n<meta property=\"article:modified_time\" content=\"2022-03-07T12:13:11+00:00\" \/>\n<meta property=\"og:image\" content=\"https:\/\/aufildeno.com\/wp-content\/uploads\/2022\/01\/Photos-produits-site-internet-97.png\" \/>\n<meta name=\"twitter:card\" content=\"summary_large_image\" \/>\n<meta name=\"twitter:label1\" content=\"Dur\u00e9e de lecture estim\u00e9e\" \/>\n\t<meta name=\"twitter:data1\" content=\"1 minute\" \/>\n<script type=\"application\/ld+json\" class=\"yoast-schema-graph\">{\"@context\":\"https:\\\/\\\/schema.org\",\"@graph\":[{\"@type\":\"WebPage\",\"@id\":\"https:\\\/\\\/aufildeno.com\\\/\",\"url\":\"https:\\\/\\\/aufildeno.com\\\/\",\"name\":\"Au Fil d'Eno - Au Fil d&#039;Eno\",\"isPartOf\":{\"@id\":\"https:\\\/\\\/aufildeno.com\\\/#website\"},\"primaryImageOfPage\":{\"@id\":\"https:\\\/\\\/aufildeno.com\\\/#primaryimage\"},\"image\":{\"@id\":\"https:\\\/\\\/aufildeno.com\\\/#primaryimage\"},\"thumbnailUrl\":\"https:\\\/\\\/aufildeno.com\\\/wp-content\\\/uploads\\\/2022\\\/01\\\/Photos-produits-site-internet-97.png\",\"datePublished\":\"2022-01-30T17:44:29+00:00\",\"dateModified\":\"2022-03-07T12:13:11+00:00\",\"description\":\"Au Fil D'Eno ce sont des cr\u00e9ations textiles pour accompagner vos routines beaut\u00e9 et bien \u00eatre (chouchous, cotons, pochettes \u00e0 savon, ...).\",\"breadcrumb\":{\"@id\":\"https:\\\/\\\/aufildeno.com\\\/#breadcrumb\"},\"inLanguage\":\"fr-FR\",\"potentialAction\":[{\"@type\":\"ReadAction\",\"target\":[\"https:\\\/\\\/aufildeno.com\\\/\"]}]},{\"@type\":\"ImageObject\",\"inLanguage\":\"fr-FR\",\"@id\":\"https:\\\/\\\/aufildeno.com\\\/#primaryimage\",\"url\":\"https:\\\/\\\/aufildeno.com\\\/wp-content\\\/uploads\\\/2022\\\/01\\\/Photos-produits-site-internet-97.png\",\"contentUrl\":\"https:\\\/\\\/aufildeno.com\\\/wp-content\\\/uploads\\\/2022\\\/01\\\/Photos-produits-site-internet-97.png\",\"width\":2048,\"height\":1536},{\"@type\":\"BreadcrumbList\",\"@id\":\"https:\\\/\\\/aufildeno.com\\\/#breadcrumb\",\"itemListElement\":[{\"@type\":\"ListItem\",\"position\":1,\"name\":\"Home\",\"item\":\"https:\\\/\\\/aufildeno.com\\\/\"},{\"@type\":\"ListItem\",\"position\":2,\"name\":\"Au Fil d&#8217;Eno\"}]},{\"@type\":\"WebSite\",\"@id\":\"https:\\\/\\\/aufildeno.com\\\/#website\",\"url\":\"https:\\\/\\\/aufildeno.com\\\/\",\"name\":\"Au Fil d&#039;Eno\",\"description\":\"\",\"potentialAction\":[{\"@type\":\"SearchAction\",\"target\":{\"@type\":\"EntryPoint\",\"urlTemplate\":\"https:\\\/\\\/aufildeno.com\\\/?s={search_term_string}\"},\"query-input\":{\"@type\":\"PropertyValueSpecification\",\"valueRequired\":true,\"valueName\":\"search_term_string\"}}],\"inLanguage\":\"fr-FR\"}]}<\/script>\n<!-- \/ Yoast SEO plugin. -->","yoast_head_json":{"title":"Au Fil d'Eno - Au Fil d&#039;Eno","description":"Au Fil D'Eno ce sont des cr\u00e9ations textiles pour accompagner vos routines beaut\u00e9 et bien \u00eatre (chouchous, cotons, pochettes \u00e0 savon, ...).","robots":{"index":"index","follow":"follow","max-snippet":"max-snippet:-1","max-image-preview":"max-image-preview:large","max-video-preview":"max-video-preview:-1"},"canonical":"https:\/\/aufildeno.com\/","og_locale":"fr_FR","og_type":"article","og_title":"Au Fil d'Eno - Au Fil d&#039;Eno","og_description":"Au Fil D'Eno ce sont des cr\u00e9ations textiles pour accompagner vos routines beaut\u00e9 et bien \u00eatre (chouchous, cotons, pochettes \u00e0 savon, ...).","og_url":"https:\/\/aufildeno.com\/","og_site_name":"Au Fil d&#039;Eno","article_publisher":"https:\/\/www.facebook.com\/aufildenola","article_modified_time":"2022-03-07T12:13:11+00:00","og_image":[{"url":"https:\/\/aufildeno.com\/wp-content\/uploads\/2022\/01\/Photos-produits-site-internet-97.png","type":"","width":"","height":""}],"twitter_card":"summary_large_image","twitter_misc":{"Dur\u00e9e de lecture estim\u00e9e":"1 minute"},"schema":{"@context":"https:\/\/schema.org","@graph":[{"@type":"WebPage","@id":"https:\/\/aufildeno.com\/","url":"https:\/\/aufildeno.com\/","name":"Au Fil d'Eno - Au Fil d&#039;Eno","isPartOf":{"@id":"https:\/\/aufildeno.com\/#website"},"primaryImageOfPage":{"@id":"https:\/\/aufildeno.com\/#primaryimage"},"image":{"@id":"https:\/\/aufildeno.com\/#primaryimage"},"thumbnailUrl":"https:\/\/aufildeno.com\/wp-content\/uploads\/2022\/01\/Photos-produits-site-internet-97.png","datePublished":"2022-01-30T17:44:29+00:00","dateModified":"2022-03-07T12:13:11+00:00","description":"Au Fil D'Eno ce sont des cr\u00e9ations textiles pour accompagner vos routines beaut\u00e9 et bien \u00eatre (chouchous, cotons, pochettes \u00e0 savon, ...).","breadcrumb":{"@id":"https:\/\/aufildeno.com\/#breadcrumb"},"inLanguage":"fr-FR","potentialAction":[{"@type":"ReadAction","target":["https:\/\/aufildeno.com\/"]}]},{"@type":"ImageObject","inLanguage":"fr-FR","@id":"https:\/\/aufildeno.com\/#primaryimage","url":"https:\/\/aufildeno.com\/wp-content\/uploads\/2022\/01\/Photos-produits-site-internet-97.png","contentUrl":"https:\/\/aufildeno.com\/wp-content\/uploads\/2022\/01\/Photos-produits-site-internet-97.png","width":2048,"height":1536},{"@type":"BreadcrumbList","@id":"https:\/\/aufildeno.com\/#breadcrumb","itemListElement":[{"@type":"ListItem","position":1,"name":"Home","item":"https:\/\/aufildeno.com\/"},{"@type":"ListItem","position":2,"name":"Au Fil d&#8217;Eno"}]},{"@type":"WebSite","@id":"https:\/\/aufildeno.com\/#website","url":"https:\/\/aufildeno.com\/","name":"Au Fil d&#039;Eno","description":"","potentialAction":[{"@type":"SearchAction","target":{"@type":"EntryPoint","urlTemplate":"https:\/\/aufildeno.com\/?s={search_term_string}"},"query-input":{"@type":"PropertyValueSpecification","valueRequired":true,"valueName":"search_term_string"}}],"inLanguage":"fr-FR"}]}},"jetpack_sharing_enabled":true,"_links":{"self":[{"href":"https:\/\/aufildeno.com\/index.php\/wp-json\/wp\/v2\/pages\/319","targetHints":{"allow":["GET"]}}],"collection":[{"href":"https:\/\/aufildeno.com\/index.php\/wp-json\/wp\/v2\/pages"}],"about":[{"href":"https:\/\/aufildeno.com\/index.php\/wp-json\/wp\/v2\/types\/page"}],"author":[{"embeddable":true,"href":"https:\/\/aufildeno.com\/index.php\/wp-json\/wp\/v2\/users\/1"}],"replies":[{"embeddable":true,"href":"https:\/\/aufildeno.com\/index.php\/wp-json\/wp\/v2\/comments?post=319"}],"version-history":[{"count":16,"href":"https:\/\/aufildeno.com\/index.php\/wp-json\/wp\/v2\/pages\/319\/revisions"}],"predecessor-version":[{"id":407,"href":"https:\/\/aufildeno.com\/index.php\/wp-json\/wp\/v2\/pages\/319\/revisions\/407"}],"wp:attachment":[{"href":"https:\/\/aufildeno.com\/index.php\/wp-json\/wp\/v2\/media?parent=319"}],"curies":[{"name":"wp","href":"https:\/\/api.w.org\/{rel}","templated":true}]}}