{"id":208,"date":"2022-01-23T19:02:18","date_gmt":"2022-01-23T18:02:18","guid":{"rendered":"https:\/\/aufildeno.com\/?post_type=product&#038;p=208"},"modified":"2025-12-24T11:40:06","modified_gmt":"2025-12-24T10:40:06","slug":"filet-a-cotons","status":"publish","type":"product","link":"https:\/\/aufildeno.com\/index.php\/product\/filet-a-cotons\/","title":{"rendered":"Filet \u00e0 cotons"},"content":{"rendered":"<p>Toutes nos cr\u00e9ations sont r\u00e9alis\u00e9es \u00e0 la main dans notre atelier du vignoble nantais.<\/p>\n<p>Nous restons \u00e0 votre \u00e9coute pour toute personnalisation de produits (tissus, coloris, &#8230;).<\/p>\n<p><strong>TISSU ET ENTRETIEN<\/strong><\/p>\n<p>Filet de coton et coton. Le stop-cordon est en plastique.<\/p>\n<p>Nos filets \u00e0 savons peuvent \u00eatre lav\u00e9s en machine \u00e0 40\u00b0.<\/p>\n","protected":false},"excerpt":{"rendered":"<p>Le filet \u00e0 cotons c&rsquo;est la solution 2 en 1 qui te permets de ranger ou transporter tes cotons lavables. Ses fonctionnalit\u00e9s ?<\/p>\n<ul>\n<li>Il te permet de ranger tes cotons lors de tes d\u00e9placements dans ta trousse de toilette ;<\/li>\n<li>Et il te sert \u00e9galement de filet de lavage afin de laver tes cotons en toute s\u00e9curit\u00e9 en machine \u00e0 laver.<\/li>\n<\/ul>\n","protected":false},"featured_media":636,"comment_status":"open","ping_status":"closed","template":"","meta":[],"product_brand":[],"product_cat":[33],"product_tag":[],"class_list":{"0":"post-208","1":"product","2":"type-product","3":"status-publish","4":"has-post-thumbnail","6":"product_cat-pour-voyager","8":"first","9":"instock","10":"shipping-taxable","11":"purchasable","12":"product-type-variable"},"yoast_head":"<!-- This site is optimized with the Yoast SEO plugin v27.4 - https:\/\/yoast.com\/product\/yoast-seo-wordpress\/ -->\n<title>Filet \u00e0 cotons - Au Fil d&#039;Eno<\/title>\n<meta name=\"description\" content=\"Le filet \u00e0 cotons c&#039;est la solution 2 en 1 pour transporter ou ranger tes cotons lors de tes d\u00e9placements ainsi que pur laver tes cotons en machine.\" \/>\n<meta name=\"robots\" content=\"index, follow, max-snippet:-1, max-image-preview:large, max-video-preview:-1\" \/>\n<link rel=\"canonical\" href=\"https:\/\/aufildeno.com\/index.php\/product\/filet-a-cotons\/\" \/>\n<meta property=\"og:locale\" content=\"fr_FR\" \/>\n<meta property=\"og:type\" content=\"article\" \/>\n<meta property=\"og:title\" content=\"Filet \u00e0 cotons - Au Fil d&#039;Eno\" \/>\n<meta property=\"og:description\" content=\"Le filet \u00e0 cotons c&#039;est la solution 2 en 1 pour transporter ou ranger tes cotons lors de tes d\u00e9placements ainsi que pur laver tes cotons en machine.\" \/>\n<meta property=\"og:url\" content=\"https:\/\/aufildeno.com\/index.php\/product\/filet-a-cotons\/\" \/>\n<meta property=\"og:site_name\" content=\"Au Fil d&#039;Eno\" \/>\n<meta property=\"article:publisher\" content=\"https:\/\/www.facebook.com\/aufildenola\" \/>\n<meta property=\"article:modified_time\" content=\"2025-12-24T10:40:06+00:00\" \/>\n<meta property=\"og:image\" content=\"https:\/\/aufildeno.com\/wp-content\/uploads\/2022\/01\/Photos-produits-site-internet-30-1-1024x768.png\" \/>\n\t<meta property=\"og:image:width\" content=\"1024\" \/>\n\t<meta property=\"og:image:height\" content=\"768\" \/>\n\t<meta property=\"og:image:type\" content=\"image\/png\" \/>\n<meta name=\"twitter:card\" content=\"summary_large_image\" \/>\n<meta name=\"twitter:label1\" content=\"Dur\u00e9e de lecture estim\u00e9e\" \/>\n\t<meta name=\"twitter:data1\" content=\"1 minute\" \/>\n<script type=\"application\/ld+json\" class=\"yoast-schema-graph\">{\"@context\":\"https:\\\/\\\/schema.org\",\"@graph\":[{\"@type\":\"WebPage\",\"@id\":\"https:\\\/\\\/aufildeno.com\\\/index.php\\\/product\\\/filet-a-cotons\\\/\",\"url\":\"https:\\\/\\\/aufildeno.com\\\/index.php\\\/product\\\/filet-a-cotons\\\/\",\"name\":\"Filet \u00e0 cotons - Au Fil d&#039;Eno\",\"isPartOf\":{\"@id\":\"https:\\\/\\\/aufildeno.com\\\/#website\"},\"primaryImageOfPage\":{\"@id\":\"https:\\\/\\\/aufildeno.com\\\/index.php\\\/product\\\/filet-a-cotons\\\/#primaryimage\"},\"image\":{\"@id\":\"https:\\\/\\\/aufildeno.com\\\/index.php\\\/product\\\/filet-a-cotons\\\/#primaryimage\"},\"thumbnailUrl\":\"https:\\\/\\\/aufildeno.com\\\/wp-content\\\/uploads\\\/2022\\\/01\\\/Photos-produits-site-internet-30-1.png\",\"datePublished\":\"2022-01-23T18:02:18+00:00\",\"dateModified\":\"2025-12-24T10:40:06+00:00\",\"description\":\"Le filet \u00e0 cotons c'est la solution 2 en 1 pour transporter ou ranger tes cotons lors de tes d\u00e9placements ainsi que pur laver tes cotons en machine.\",\"breadcrumb\":{\"@id\":\"https:\\\/\\\/aufildeno.com\\\/index.php\\\/product\\\/filet-a-cotons\\\/#breadcrumb\"},\"inLanguage\":\"fr-FR\",\"potentialAction\":[{\"@type\":\"ReadAction\",\"target\":[\"https:\\\/\\\/aufildeno.com\\\/index.php\\\/product\\\/filet-a-cotons\\\/\"]}]},{\"@type\":\"ImageObject\",\"inLanguage\":\"fr-FR\",\"@id\":\"https:\\\/\\\/aufildeno.com\\\/index.php\\\/product\\\/filet-a-cotons\\\/#primaryimage\",\"url\":\"https:\\\/\\\/aufildeno.com\\\/wp-content\\\/uploads\\\/2022\\\/01\\\/Photos-produits-site-internet-30-1.png\",\"contentUrl\":\"https:\\\/\\\/aufildeno.com\\\/wp-content\\\/uploads\\\/2022\\\/01\\\/Photos-produits-site-internet-30-1.png\",\"width\":2048,\"height\":1536},{\"@type\":\"BreadcrumbList\",\"@id\":\"https:\\\/\\\/aufildeno.com\\\/index.php\\\/product\\\/filet-a-cotons\\\/#breadcrumb\",\"itemListElement\":[{\"@type\":\"ListItem\",\"position\":1,\"name\":\"Home\",\"item\":\"https:\\\/\\\/aufildeno.com\\\/\"},{\"@type\":\"ListItem\",\"position\":2,\"name\":\"Shop\",\"item\":\"https:\\\/\\\/aufildeno.com\\\/index.php\\\/shop\\\/\"},{\"@type\":\"ListItem\",\"position\":3,\"name\":\"Filet \u00e0 cotons\"}]},{\"@type\":\"WebSite\",\"@id\":\"https:\\\/\\\/aufildeno.com\\\/#website\",\"url\":\"https:\\\/\\\/aufildeno.com\\\/\",\"name\":\"Au Fil d&#039;Eno\",\"description\":\"\",\"potentialAction\":[{\"@type\":\"SearchAction\",\"target\":{\"@type\":\"EntryPoint\",\"urlTemplate\":\"https:\\\/\\\/aufildeno.com\\\/?s={search_term_string}\"},\"query-input\":{\"@type\":\"PropertyValueSpecification\",\"valueRequired\":true,\"valueName\":\"search_term_string\"}}],\"inLanguage\":\"fr-FR\"}]}<\/script>\n<!-- \/ Yoast SEO plugin. -->","yoast_head_json":{"title":"Filet \u00e0 cotons - Au Fil d&#039;Eno","description":"Le filet \u00e0 cotons c'est la solution 2 en 1 pour transporter ou ranger tes cotons lors de tes d\u00e9placements ainsi que pur laver tes cotons en machine.","robots":{"index":"index","follow":"follow","max-snippet":"max-snippet:-1","max-image-preview":"max-image-preview:large","max-video-preview":"max-video-preview:-1"},"canonical":"https:\/\/aufildeno.com\/index.php\/product\/filet-a-cotons\/","og_locale":"fr_FR","og_type":"article","og_title":"Filet \u00e0 cotons - Au Fil d&#039;Eno","og_description":"Le filet \u00e0 cotons c'est la solution 2 en 1 pour transporter ou ranger tes cotons lors de tes d\u00e9placements ainsi que pur laver tes cotons en machine.","og_url":"https:\/\/aufildeno.com\/index.php\/product\/filet-a-cotons\/","og_site_name":"Au Fil d&#039;Eno","article_publisher":"https:\/\/www.facebook.com\/aufildenola","article_modified_time":"2025-12-24T10:40:06+00:00","og_image":[{"width":1024,"height":768,"url":"https:\/\/aufildeno.com\/wp-content\/uploads\/2022\/01\/Photos-produits-site-internet-30-1-1024x768.png","type":"image\/png"}],"twitter_card":"summary_large_image","twitter_misc":{"Dur\u00e9e de lecture estim\u00e9e":"1 minute"},"schema":{"@context":"https:\/\/schema.org","@graph":[{"@type":"WebPage","@id":"https:\/\/aufildeno.com\/index.php\/product\/filet-a-cotons\/","url":"https:\/\/aufildeno.com\/index.php\/product\/filet-a-cotons\/","name":"Filet \u00e0 cotons - Au Fil d&#039;Eno","isPartOf":{"@id":"https:\/\/aufildeno.com\/#website"},"primaryImageOfPage":{"@id":"https:\/\/aufildeno.com\/index.php\/product\/filet-a-cotons\/#primaryimage"},"image":{"@id":"https:\/\/aufildeno.com\/index.php\/product\/filet-a-cotons\/#primaryimage"},"thumbnailUrl":"https:\/\/aufildeno.com\/wp-content\/uploads\/2022\/01\/Photos-produits-site-internet-30-1.png","datePublished":"2022-01-23T18:02:18+00:00","dateModified":"2025-12-24T10:40:06+00:00","description":"Le filet \u00e0 cotons c'est la solution 2 en 1 pour transporter ou ranger tes cotons lors de tes d\u00e9placements ainsi que pur laver tes cotons en machine.","breadcrumb":{"@id":"https:\/\/aufildeno.com\/index.php\/product\/filet-a-cotons\/#breadcrumb"},"inLanguage":"fr-FR","potentialAction":[{"@type":"ReadAction","target":["https:\/\/aufildeno.com\/index.php\/product\/filet-a-cotons\/"]}]},{"@type":"ImageObject","inLanguage":"fr-FR","@id":"https:\/\/aufildeno.com\/index.php\/product\/filet-a-cotons\/#primaryimage","url":"https:\/\/aufildeno.com\/wp-content\/uploads\/2022\/01\/Photos-produits-site-internet-30-1.png","contentUrl":"https:\/\/aufildeno.com\/wp-content\/uploads\/2022\/01\/Photos-produits-site-internet-30-1.png","width":2048,"height":1536},{"@type":"BreadcrumbList","@id":"https:\/\/aufildeno.com\/index.php\/product\/filet-a-cotons\/#breadcrumb","itemListElement":[{"@type":"ListItem","position":1,"name":"Home","item":"https:\/\/aufildeno.com\/"},{"@type":"ListItem","position":2,"name":"Shop","item":"https:\/\/aufildeno.com\/index.php\/shop\/"},{"@type":"ListItem","position":3,"name":"Filet \u00e0 cotons"}]},{"@type":"WebSite","@id":"https:\/\/aufildeno.com\/#website","url":"https:\/\/aufildeno.com\/","name":"Au Fil d&#039;Eno","description":"","potentialAction":[{"@type":"SearchAction","target":{"@type":"EntryPoint","urlTemplate":"https:\/\/aufildeno.com\/?s={search_term_string}"},"query-input":{"@type":"PropertyValueSpecification","valueRequired":true,"valueName":"search_term_string"}}],"inLanguage":"fr-FR"}]}},"jetpack_sharing_enabled":true,"_links":{"self":[{"href":"https:\/\/aufildeno.com\/index.php\/wp-json\/wp\/v2\/product\/208","targetHints":{"allow":["GET"]}}],"collection":[{"href":"https:\/\/aufildeno.com\/index.php\/wp-json\/wp\/v2\/product"}],"about":[{"href":"https:\/\/aufildeno.com\/index.php\/wp-json\/wp\/v2\/types\/product"}],"replies":[{"embeddable":true,"href":"https:\/\/aufildeno.com\/index.php\/wp-json\/wp\/v2\/comments?post=208"}],"wp:featuredmedia":[{"embeddable":true,"href":"https:\/\/aufildeno.com\/index.php\/wp-json\/wp\/v2\/media\/636"}],"wp:attachment":[{"href":"https:\/\/aufildeno.com\/index.php\/wp-json\/wp\/v2\/media?parent=208"}],"wp:term":[{"taxonomy":"product_brand","embeddable":true,"href":"https:\/\/aufildeno.com\/index.php\/wp-json\/wp\/v2\/product_brand?post=208"},{"taxonomy":"product_cat","embeddable":true,"href":"https:\/\/aufildeno.com\/index.php\/wp-json\/wp\/v2\/product_cat?post=208"},{"taxonomy":"product_tag","embeddable":true,"href":"https:\/\/aufildeno.com\/index.php\/wp-json\/wp\/v2\/product_tag?post=208"}],"curies":[{"name":"wp","href":"https:\/\/api.w.org\/{rel}","templated":true}]}}