{"id":347,"date":"2022-02-09T18:08:51","date_gmt":"2022-02-09T17:08:51","guid":{"rendered":"https:\/\/aufildeno.com\/?post_type=product&#038;p=347"},"modified":"2026-03-20T12:05:24","modified_gmt":"2026-03-20T11:05:24","slug":"lot-de-10-cotons","status":"publish","type":"product","link":"https:\/\/aufildeno.com\/index.php\/product\/lot-de-10-cotons\/","title":{"rendered":"Lot de 10 cotons"},"content":{"rendered":"<p>Toutes nos cr\u00e9ations sont r\u00e9alis\u00e9es \u00e0 la main dans notre atelier du vignoble nantais.<\/p>\n<p>Nous restons \u00e0 votre \u00e9coute pour toute personnalisation de produits (tissus, coloris, &#8230;).<\/p>\n<p><strong>LES DIFF\u00c9RENTES OPTIONS<\/strong><\/p>\n<ul>\n<li>\u00c9ponges blanc cass\u00e9 : Lot n\u00b03<\/li>\n<li>\u00c9ponges blanches : Lot n\u00b01, Lot n\u00b02, Lot n\u00b05<\/li>\n<\/ul>\n<p><strong>TISSU ET ENTRETIEN<\/strong><\/p>\n<p>Coton et micro \u00e9ponge de bambou (40% de bambou, 40% de polyester et 20% de coton).<\/p>\n<p>Nos cotons peuvent \u00eatre lav\u00e9s dans un filet de lavage en machine \u00e0 laver \u00e0 40\u00b0.<\/p>\n<p>Il est fortement recommand\u00e9 de laver les produits avant toute premi\u00e8re utilisation.<\/p>\n","protected":false},"excerpt":{"rendered":"<p>Envie de passer au 0 d\u00e9chets dans vos routines beaut\u00e9 ? Nos kits de 10 cotons vous permettent une nouvelle routine sereine.<\/p>\n<p>Les cotons lavables vous permettront de prendre soin de votre peau et de l&rsquo;environnement de fa\u00e7on plus respectueuse.<\/p>\n","protected":false},"featured_media":618,"comment_status":"open","ping_status":"closed","template":"","meta":[],"product_brand":[],"product_cat":[47],"product_tag":[],"class_list":{"0":"post-347","1":"product","2":"type-product","3":"status-publish","4":"has-post-thumbnail","6":"product_cat-cotons-et-lingettes","8":"first","9":"instock","10":"shipping-taxable","11":"purchasable","12":"product-type-variable"},"yoast_head":"<!-- This site is optimized with the Yoast SEO plugin v27.4 - https:\/\/yoast.com\/product\/yoast-seo-wordpress\/ -->\n<title>Lot de 10 cotons - Au Fil d&#039;Eno<\/title>\n<meta name=\"robots\" content=\"index, follow, max-snippet:-1, max-image-preview:large, max-video-preview:-1\" \/>\n<link rel=\"canonical\" href=\"https:\/\/aufildeno.com\/index.php\/product\/lot-de-10-cotons\/\" \/>\n<meta property=\"og:locale\" content=\"fr_FR\" \/>\n<meta property=\"og:type\" content=\"article\" \/>\n<meta property=\"og:title\" content=\"Lot de 10 cotons - Au Fil d&#039;Eno\" \/>\n<meta property=\"og:description\" content=\"Envie de passer au 0 d\u00e9chets dans vos routines beaut\u00e9 ? Nos kits de 10 cotons vous permettent une nouvelle routine sereine.  Les cotons lavables vous permettront de prendre soin de votre peau et de l&#039;environnement de fa\u00e7on plus respectueuse.\" \/>\n<meta property=\"og:url\" content=\"https:\/\/aufildeno.com\/index.php\/product\/lot-de-10-cotons\/\" \/>\n<meta property=\"og:site_name\" content=\"Au Fil d&#039;Eno\" \/>\n<meta property=\"article:publisher\" content=\"https:\/\/www.facebook.com\/aufildenola\" \/>\n<meta property=\"article:modified_time\" content=\"2026-03-20T11:05:24+00:00\" \/>\n<meta property=\"og:image\" content=\"https:\/\/aufildeno.com\/wp-content\/uploads\/2023\/12\/Photos-produits-site-internet-19.png\" \/>\n\t<meta property=\"og:image:width\" content=\"960\" \/>\n\t<meta property=\"og:image:height\" content=\"720\" \/>\n\t<meta property=\"og:image:type\" content=\"image\/png\" \/>\n<meta name=\"twitter:card\" content=\"summary_large_image\" \/>\n<meta name=\"twitter:label1\" content=\"Dur\u00e9e de lecture estim\u00e9e\" \/>\n\t<meta name=\"twitter:data1\" content=\"1 minute\" \/>\n<script type=\"application\/ld+json\" class=\"yoast-schema-graph\">{\"@context\":\"https:\\\/\\\/schema.org\",\"@graph\":[{\"@type\":\"WebPage\",\"@id\":\"https:\\\/\\\/aufildeno.com\\\/index.php\\\/product\\\/lot-de-10-cotons\\\/\",\"url\":\"https:\\\/\\\/aufildeno.com\\\/index.php\\\/product\\\/lot-de-10-cotons\\\/\",\"name\":\"Lot de 10 cotons - Au Fil d&#039;Eno\",\"isPartOf\":{\"@id\":\"https:\\\/\\\/aufildeno.com\\\/#website\"},\"primaryImageOfPage\":{\"@id\":\"https:\\\/\\\/aufildeno.com\\\/index.php\\\/product\\\/lot-de-10-cotons\\\/#primaryimage\"},\"image\":{\"@id\":\"https:\\\/\\\/aufildeno.com\\\/index.php\\\/product\\\/lot-de-10-cotons\\\/#primaryimage\"},\"thumbnailUrl\":\"https:\\\/\\\/aufildeno.com\\\/wp-content\\\/uploads\\\/2023\\\/12\\\/Photos-produits-site-internet-19.png\",\"datePublished\":\"2022-02-09T17:08:51+00:00\",\"dateModified\":\"2026-03-20T11:05:24+00:00\",\"breadcrumb\":{\"@id\":\"https:\\\/\\\/aufildeno.com\\\/index.php\\\/product\\\/lot-de-10-cotons\\\/#breadcrumb\"},\"inLanguage\":\"fr-FR\",\"potentialAction\":[{\"@type\":\"ReadAction\",\"target\":[\"https:\\\/\\\/aufildeno.com\\\/index.php\\\/product\\\/lot-de-10-cotons\\\/\"]}]},{\"@type\":\"ImageObject\",\"inLanguage\":\"fr-FR\",\"@id\":\"https:\\\/\\\/aufildeno.com\\\/index.php\\\/product\\\/lot-de-10-cotons\\\/#primaryimage\",\"url\":\"https:\\\/\\\/aufildeno.com\\\/wp-content\\\/uploads\\\/2023\\\/12\\\/Photos-produits-site-internet-19.png\",\"contentUrl\":\"https:\\\/\\\/aufildeno.com\\\/wp-content\\\/uploads\\\/2023\\\/12\\\/Photos-produits-site-internet-19.png\",\"width\":2048,\"height\":1536},{\"@type\":\"BreadcrumbList\",\"@id\":\"https:\\\/\\\/aufildeno.com\\\/index.php\\\/product\\\/lot-de-10-cotons\\\/#breadcrumb\",\"itemListElement\":[{\"@type\":\"ListItem\",\"position\":1,\"name\":\"Home\",\"item\":\"https:\\\/\\\/aufildeno.com\\\/\"},{\"@type\":\"ListItem\",\"position\":2,\"name\":\"Shop\",\"item\":\"https:\\\/\\\/aufildeno.com\\\/index.php\\\/shop\\\/\"},{\"@type\":\"ListItem\",\"position\":3,\"name\":\"Lot de 10 cotons\"}]},{\"@type\":\"WebSite\",\"@id\":\"https:\\\/\\\/aufildeno.com\\\/#website\",\"url\":\"https:\\\/\\\/aufildeno.com\\\/\",\"name\":\"Au Fil d&#039;Eno\",\"description\":\"\",\"potentialAction\":[{\"@type\":\"SearchAction\",\"target\":{\"@type\":\"EntryPoint\",\"urlTemplate\":\"https:\\\/\\\/aufildeno.com\\\/?s={search_term_string}\"},\"query-input\":{\"@type\":\"PropertyValueSpecification\",\"valueRequired\":true,\"valueName\":\"search_term_string\"}}],\"inLanguage\":\"fr-FR\"}]}<\/script>\n<!-- \/ Yoast SEO plugin. -->","yoast_head_json":{"title":"Lot de 10 cotons - Au Fil d&#039;Eno","robots":{"index":"index","follow":"follow","max-snippet":"max-snippet:-1","max-image-preview":"max-image-preview:large","max-video-preview":"max-video-preview:-1"},"canonical":"https:\/\/aufildeno.com\/index.php\/product\/lot-de-10-cotons\/","og_locale":"fr_FR","og_type":"article","og_title":"Lot de 10 cotons - Au Fil d&#039;Eno","og_description":"Envie de passer au 0 d\u00e9chets dans vos routines beaut\u00e9 ? Nos kits de 10 cotons vous permettent une nouvelle routine sereine.  Les cotons lavables vous permettront de prendre soin de votre peau et de l'environnement de fa\u00e7on plus respectueuse.","og_url":"https:\/\/aufildeno.com\/index.php\/product\/lot-de-10-cotons\/","og_site_name":"Au Fil d&#039;Eno","article_publisher":"https:\/\/www.facebook.com\/aufildenola","article_modified_time":"2026-03-20T11:05:24+00:00","og_image":[{"url":"https:\/\/aufildeno.com\/wp-content\/uploads\/2023\/12\/Photos-produits-site-internet-19.png","width":960,"height":720,"type":"image\/png"}],"twitter_card":"summary_large_image","twitter_misc":{"Dur\u00e9e de lecture estim\u00e9e":"1 minute"},"schema":{"@context":"https:\/\/schema.org","@graph":[{"@type":"WebPage","@id":"https:\/\/aufildeno.com\/index.php\/product\/lot-de-10-cotons\/","url":"https:\/\/aufildeno.com\/index.php\/product\/lot-de-10-cotons\/","name":"Lot de 10 cotons - Au Fil d&#039;Eno","isPartOf":{"@id":"https:\/\/aufildeno.com\/#website"},"primaryImageOfPage":{"@id":"https:\/\/aufildeno.com\/index.php\/product\/lot-de-10-cotons\/#primaryimage"},"image":{"@id":"https:\/\/aufildeno.com\/index.php\/product\/lot-de-10-cotons\/#primaryimage"},"thumbnailUrl":"https:\/\/aufildeno.com\/wp-content\/uploads\/2023\/12\/Photos-produits-site-internet-19.png","datePublished":"2022-02-09T17:08:51+00:00","dateModified":"2026-03-20T11:05:24+00:00","breadcrumb":{"@id":"https:\/\/aufildeno.com\/index.php\/product\/lot-de-10-cotons\/#breadcrumb"},"inLanguage":"fr-FR","potentialAction":[{"@type":"ReadAction","target":["https:\/\/aufildeno.com\/index.php\/product\/lot-de-10-cotons\/"]}]},{"@type":"ImageObject","inLanguage":"fr-FR","@id":"https:\/\/aufildeno.com\/index.php\/product\/lot-de-10-cotons\/#primaryimage","url":"https:\/\/aufildeno.com\/wp-content\/uploads\/2023\/12\/Photos-produits-site-internet-19.png","contentUrl":"https:\/\/aufildeno.com\/wp-content\/uploads\/2023\/12\/Photos-produits-site-internet-19.png","width":2048,"height":1536},{"@type":"BreadcrumbList","@id":"https:\/\/aufildeno.com\/index.php\/product\/lot-de-10-cotons\/#breadcrumb","itemListElement":[{"@type":"ListItem","position":1,"name":"Home","item":"https:\/\/aufildeno.com\/"},{"@type":"ListItem","position":2,"name":"Shop","item":"https:\/\/aufildeno.com\/index.php\/shop\/"},{"@type":"ListItem","position":3,"name":"Lot de 10 cotons"}]},{"@type":"WebSite","@id":"https:\/\/aufildeno.com\/#website","url":"https:\/\/aufildeno.com\/","name":"Au Fil d&#039;Eno","description":"","potentialAction":[{"@type":"SearchAction","target":{"@type":"EntryPoint","urlTemplate":"https:\/\/aufildeno.com\/?s={search_term_string}"},"query-input":{"@type":"PropertyValueSpecification","valueRequired":true,"valueName":"search_term_string"}}],"inLanguage":"fr-FR"}]}},"jetpack_sharing_enabled":true,"_links":{"self":[{"href":"https:\/\/aufildeno.com\/index.php\/wp-json\/wp\/v2\/product\/347","targetHints":{"allow":["GET"]}}],"collection":[{"href":"https:\/\/aufildeno.com\/index.php\/wp-json\/wp\/v2\/product"}],"about":[{"href":"https:\/\/aufildeno.com\/index.php\/wp-json\/wp\/v2\/types\/product"}],"replies":[{"embeddable":true,"href":"https:\/\/aufildeno.com\/index.php\/wp-json\/wp\/v2\/comments?post=347"}],"wp:featuredmedia":[{"embeddable":true,"href":"https:\/\/aufildeno.com\/index.php\/wp-json\/wp\/v2\/media\/618"}],"wp:attachment":[{"href":"https:\/\/aufildeno.com\/index.php\/wp-json\/wp\/v2\/media?parent=347"}],"wp:term":[{"taxonomy":"product_brand","embeddable":true,"href":"https:\/\/aufildeno.com\/index.php\/wp-json\/wp\/v2\/product_brand?post=347"},{"taxonomy":"product_cat","embeddable":true,"href":"https:\/\/aufildeno.com\/index.php\/wp-json\/wp\/v2\/product_cat?post=347"},{"taxonomy":"product_tag","embeddable":true,"href":"https:\/\/aufildeno.com\/index.php\/wp-json\/wp\/v2\/product_tag?post=347"}],"curies":[{"name":"wp","href":"https:\/\/api.w.org\/{rel}","templated":true}]}}