{"id":428,"date":"2022-03-20T09:50:09","date_gmt":"2022-03-20T08:50:09","guid":{"rendered":"https:\/\/aufildeno.com\/?post_type=product&#038;p=428"},"modified":"2026-01-25T20:08:04","modified_gmt":"2026-01-25T19:08:04","slug":"etui-a-brosse-a-dent","status":"publish","type":"product","link":"https:\/\/aufildeno.com\/index.php\/product\/etui-a-brosse-a-dent\/","title":{"rendered":"Etui \u00e0 brosse \u00e0 dents"},"content":{"rendered":"<p>R\u00e9alis\u00e9s dans de jolis cotons, nos \u00e9tuis \u00e0 brosse \u00e0 dents permettent d&rsquo;h\u00e9berger brosse \u00e0 dents et dentifrice lors tous vos d\u00e9placements.<\/p>\n<p>Toutes nos cr\u00e9ations sont r\u00e9alis\u00e9es \u00e0 la main dans notre atelier du vignoble nantais.<\/p>\n<p>Nous restons \u00e0 votre \u00e9coute pour toute personnalisation de produits (tissus, coloris, &#8230;).<\/p>\n<p><strong>TISSU ET ENTRETIEN<\/strong><\/p>\n<p>Coton et cordon. Le tissu de ce produit n&rsquo;est pas imperm\u00e9able.<\/p>\n<p>L&rsquo;\u00e9tui peut \u00eatre lav\u00e9 en machine \u00e0 40\u00b0. Il est recommand\u00e9 de laver le produit avant toute utilisation.<\/p>\n","protected":false},"excerpt":{"rendered":"<p>L&rsquo;\u00e9tui \u00e0 brosse \u00e0 dents fait partie de l&rsquo;incontournable de la trousse de toilette. En vacances, en week-end, ou pour tout autre d\u00e9placement, il se glisse facilement dans votre trousse de toilette et prot\u00e8ge votre brosse \u00e0 dents.<\/p>\n<p>L&rsquo;\u00e9tui peut \u00eatre utilis\u00e9 pour toute la famille car il peut contenir jusqu&rsquo;\u00e0 5 brosses \u00e0 dents.<\/p>\n","protected":false},"featured_media":657,"comment_status":"open","ping_status":"closed","template":"","meta":[],"product_brand":[],"product_cat":[33],"product_tag":[],"class_list":{"0":"post-428","1":"product","2":"type-product","3":"status-publish","4":"has-post-thumbnail","6":"product_cat-pour-voyager","8":"first","9":"instock","10":"shipping-taxable","11":"purchasable","12":"product-type-variable"},"yoast_head":"<!-- This site is optimized with the Yoast SEO plugin v27.4 - https:\/\/yoast.com\/product\/yoast-seo-wordpress\/ -->\n<title>Etui \u00e0 brosse \u00e0 dents - Au Fil d&#039;Eno<\/title>\n<meta name=\"description\" content=\"L&#039;\u00e9tui\u00a0 brosse \u00e0 dent fait partie de l&#039;incontournable de la trousse de toilette, afin de prot\u00e8ger votre brosse \u00e0 dent.\u00a0\" \/>\n<meta name=\"robots\" content=\"index, follow, max-snippet:-1, max-image-preview:large, max-video-preview:-1\" \/>\n<link rel=\"canonical\" href=\"https:\/\/aufildeno.com\/index.php\/product\/etui-a-brosse-a-dent\/\" \/>\n<meta property=\"og:locale\" content=\"fr_FR\" \/>\n<meta property=\"og:type\" content=\"article\" \/>\n<meta property=\"og:title\" content=\"Etui \u00e0 brosse \u00e0 dents - Au Fil d&#039;Eno\" \/>\n<meta property=\"og:description\" content=\"L&#039;\u00e9tui\u00a0 brosse \u00e0 dent fait partie de l&#039;incontournable de la trousse de toilette, afin de prot\u00e8ger votre brosse \u00e0 dent.\u00a0\" \/>\n<meta property=\"og:url\" content=\"https:\/\/aufildeno.com\/index.php\/product\/etui-a-brosse-a-dent\/\" \/>\n<meta property=\"og:site_name\" content=\"Au Fil d&#039;Eno\" \/>\n<meta property=\"article:publisher\" content=\"https:\/\/www.facebook.com\/aufildenola\" \/>\n<meta property=\"article:modified_time\" content=\"2026-01-25T19:08:04+00:00\" \/>\n<meta property=\"og:image\" content=\"https:\/\/aufildeno.com\/wp-content\/uploads\/2022\/03\/Photos-produits-site-internet-35-1024x768.png\" \/>\n\t<meta property=\"og:image:width\" content=\"1024\" \/>\n\t<meta property=\"og:image:height\" content=\"768\" \/>\n\t<meta property=\"og:image:type\" content=\"image\/png\" \/>\n<meta name=\"twitter:card\" content=\"summary_large_image\" \/>\n<meta name=\"twitter:label1\" content=\"Dur\u00e9e de lecture estim\u00e9e\" \/>\n\t<meta name=\"twitter:data1\" content=\"1 minute\" \/>\n<script type=\"application\/ld+json\" class=\"yoast-schema-graph\">{\"@context\":\"https:\\\/\\\/schema.org\",\"@graph\":[{\"@type\":\"WebPage\",\"@id\":\"https:\\\/\\\/aufildeno.com\\\/index.php\\\/product\\\/etui-a-brosse-a-dent\\\/\",\"url\":\"https:\\\/\\\/aufildeno.com\\\/index.php\\\/product\\\/etui-a-brosse-a-dent\\\/\",\"name\":\"Etui \u00e0 brosse \u00e0 dents - Au Fil d&#039;Eno\",\"isPartOf\":{\"@id\":\"https:\\\/\\\/aufildeno.com\\\/#website\"},\"primaryImageOfPage\":{\"@id\":\"https:\\\/\\\/aufildeno.com\\\/index.php\\\/product\\\/etui-a-brosse-a-dent\\\/#primaryimage\"},\"image\":{\"@id\":\"https:\\\/\\\/aufildeno.com\\\/index.php\\\/product\\\/etui-a-brosse-a-dent\\\/#primaryimage\"},\"thumbnailUrl\":\"https:\\\/\\\/aufildeno.com\\\/wp-content\\\/uploads\\\/2022\\\/03\\\/Photos-produits-site-internet-35.png\",\"datePublished\":\"2022-03-20T08:50:09+00:00\",\"dateModified\":\"2026-01-25T19:08:04+00:00\",\"description\":\"L'\u00e9tui\u00a0 brosse \u00e0 dent fait partie de l'incontournable de la trousse de toilette, afin de prot\u00e8ger votre brosse \u00e0 dent.\u00a0\",\"breadcrumb\":{\"@id\":\"https:\\\/\\\/aufildeno.com\\\/index.php\\\/product\\\/etui-a-brosse-a-dent\\\/#breadcrumb\"},\"inLanguage\":\"fr-FR\",\"potentialAction\":[{\"@type\":\"ReadAction\",\"target\":[\"https:\\\/\\\/aufildeno.com\\\/index.php\\\/product\\\/etui-a-brosse-a-dent\\\/\"]}]},{\"@type\":\"ImageObject\",\"inLanguage\":\"fr-FR\",\"@id\":\"https:\\\/\\\/aufildeno.com\\\/index.php\\\/product\\\/etui-a-brosse-a-dent\\\/#primaryimage\",\"url\":\"https:\\\/\\\/aufildeno.com\\\/wp-content\\\/uploads\\\/2022\\\/03\\\/Photos-produits-site-internet-35.png\",\"contentUrl\":\"https:\\\/\\\/aufildeno.com\\\/wp-content\\\/uploads\\\/2022\\\/03\\\/Photos-produits-site-internet-35.png\",\"width\":2048,\"height\":1536},{\"@type\":\"BreadcrumbList\",\"@id\":\"https:\\\/\\\/aufildeno.com\\\/index.php\\\/product\\\/etui-a-brosse-a-dent\\\/#breadcrumb\",\"itemListElement\":[{\"@type\":\"ListItem\",\"position\":1,\"name\":\"Home\",\"item\":\"https:\\\/\\\/aufildeno.com\\\/\"},{\"@type\":\"ListItem\",\"position\":2,\"name\":\"Shop\",\"item\":\"https:\\\/\\\/aufildeno.com\\\/index.php\\\/shop\\\/\"},{\"@type\":\"ListItem\",\"position\":3,\"name\":\"Etui \u00e0 brosse \u00e0 dents\"}]},{\"@type\":\"WebSite\",\"@id\":\"https:\\\/\\\/aufildeno.com\\\/#website\",\"url\":\"https:\\\/\\\/aufildeno.com\\\/\",\"name\":\"Au Fil d&#039;Eno\",\"description\":\"\",\"potentialAction\":[{\"@type\":\"SearchAction\",\"target\":{\"@type\":\"EntryPoint\",\"urlTemplate\":\"https:\\\/\\\/aufildeno.com\\\/?s={search_term_string}\"},\"query-input\":{\"@type\":\"PropertyValueSpecification\",\"valueRequired\":true,\"valueName\":\"search_term_string\"}}],\"inLanguage\":\"fr-FR\"}]}<\/script>\n<!-- \/ Yoast SEO plugin. -->","yoast_head_json":{"title":"Etui \u00e0 brosse \u00e0 dents - Au Fil d&#039;Eno","description":"L'\u00e9tui\u00a0 brosse \u00e0 dent fait partie de l'incontournable de la trousse de toilette, afin de prot\u00e8ger votre brosse \u00e0 dent.\u00a0","robots":{"index":"index","follow":"follow","max-snippet":"max-snippet:-1","max-image-preview":"max-image-preview:large","max-video-preview":"max-video-preview:-1"},"canonical":"https:\/\/aufildeno.com\/index.php\/product\/etui-a-brosse-a-dent\/","og_locale":"fr_FR","og_type":"article","og_title":"Etui \u00e0 brosse \u00e0 dents - Au Fil d&#039;Eno","og_description":"L'\u00e9tui\u00a0 brosse \u00e0 dent fait partie de l'incontournable de la trousse de toilette, afin de prot\u00e8ger votre brosse \u00e0 dent.\u00a0","og_url":"https:\/\/aufildeno.com\/index.php\/product\/etui-a-brosse-a-dent\/","og_site_name":"Au Fil d&#039;Eno","article_publisher":"https:\/\/www.facebook.com\/aufildenola","article_modified_time":"2026-01-25T19:08:04+00:00","og_image":[{"width":1024,"height":768,"url":"https:\/\/aufildeno.com\/wp-content\/uploads\/2022\/03\/Photos-produits-site-internet-35-1024x768.png","type":"image\/png"}],"twitter_card":"summary_large_image","twitter_misc":{"Dur\u00e9e de lecture estim\u00e9e":"1 minute"},"schema":{"@context":"https:\/\/schema.org","@graph":[{"@type":"WebPage","@id":"https:\/\/aufildeno.com\/index.php\/product\/etui-a-brosse-a-dent\/","url":"https:\/\/aufildeno.com\/index.php\/product\/etui-a-brosse-a-dent\/","name":"Etui \u00e0 brosse \u00e0 dents - Au Fil d&#039;Eno","isPartOf":{"@id":"https:\/\/aufildeno.com\/#website"},"primaryImageOfPage":{"@id":"https:\/\/aufildeno.com\/index.php\/product\/etui-a-brosse-a-dent\/#primaryimage"},"image":{"@id":"https:\/\/aufildeno.com\/index.php\/product\/etui-a-brosse-a-dent\/#primaryimage"},"thumbnailUrl":"https:\/\/aufildeno.com\/wp-content\/uploads\/2022\/03\/Photos-produits-site-internet-35.png","datePublished":"2022-03-20T08:50:09+00:00","dateModified":"2026-01-25T19:08:04+00:00","description":"L'\u00e9tui\u00a0 brosse \u00e0 dent fait partie de l'incontournable de la trousse de toilette, afin de prot\u00e8ger votre brosse \u00e0 dent.\u00a0","breadcrumb":{"@id":"https:\/\/aufildeno.com\/index.php\/product\/etui-a-brosse-a-dent\/#breadcrumb"},"inLanguage":"fr-FR","potentialAction":[{"@type":"ReadAction","target":["https:\/\/aufildeno.com\/index.php\/product\/etui-a-brosse-a-dent\/"]}]},{"@type":"ImageObject","inLanguage":"fr-FR","@id":"https:\/\/aufildeno.com\/index.php\/product\/etui-a-brosse-a-dent\/#primaryimage","url":"https:\/\/aufildeno.com\/wp-content\/uploads\/2022\/03\/Photos-produits-site-internet-35.png","contentUrl":"https:\/\/aufildeno.com\/wp-content\/uploads\/2022\/03\/Photos-produits-site-internet-35.png","width":2048,"height":1536},{"@type":"BreadcrumbList","@id":"https:\/\/aufildeno.com\/index.php\/product\/etui-a-brosse-a-dent\/#breadcrumb","itemListElement":[{"@type":"ListItem","position":1,"name":"Home","item":"https:\/\/aufildeno.com\/"},{"@type":"ListItem","position":2,"name":"Shop","item":"https:\/\/aufildeno.com\/index.php\/shop\/"},{"@type":"ListItem","position":3,"name":"Etui \u00e0 brosse \u00e0 dents"}]},{"@type":"WebSite","@id":"https:\/\/aufildeno.com\/#website","url":"https:\/\/aufildeno.com\/","name":"Au Fil d&#039;Eno","description":"","potentialAction":[{"@type":"SearchAction","target":{"@type":"EntryPoint","urlTemplate":"https:\/\/aufildeno.com\/?s={search_term_string}"},"query-input":{"@type":"PropertyValueSpecification","valueRequired":true,"valueName":"search_term_string"}}],"inLanguage":"fr-FR"}]}},"jetpack_sharing_enabled":true,"_links":{"self":[{"href":"https:\/\/aufildeno.com\/index.php\/wp-json\/wp\/v2\/product\/428","targetHints":{"allow":["GET"]}}],"collection":[{"href":"https:\/\/aufildeno.com\/index.php\/wp-json\/wp\/v2\/product"}],"about":[{"href":"https:\/\/aufildeno.com\/index.php\/wp-json\/wp\/v2\/types\/product"}],"replies":[{"embeddable":true,"href":"https:\/\/aufildeno.com\/index.php\/wp-json\/wp\/v2\/comments?post=428"}],"wp:featuredmedia":[{"embeddable":true,"href":"https:\/\/aufildeno.com\/index.php\/wp-json\/wp\/v2\/media\/657"}],"wp:attachment":[{"href":"https:\/\/aufildeno.com\/index.php\/wp-json\/wp\/v2\/media?parent=428"}],"wp:term":[{"taxonomy":"product_brand","embeddable":true,"href":"https:\/\/aufildeno.com\/index.php\/wp-json\/wp\/v2\/product_brand?post=428"},{"taxonomy":"product_cat","embeddable":true,"href":"https:\/\/aufildeno.com\/index.php\/wp-json\/wp\/v2\/product_cat?post=428"},{"taxonomy":"product_tag","embeddable":true,"href":"https:\/\/aufildeno.com\/index.php\/wp-json\/wp\/v2\/product_tag?post=428"}],"curies":[{"name":"wp","href":"https:\/\/api.w.org\/{rel}","templated":true}]}}