{"id":511,"date":"2022-06-06T14:24:38","date_gmt":"2022-06-06T12:24:38","guid":{"rendered":"https:\/\/aufildeno.com\/?post_type=product&#038;p=511"},"modified":"2026-01-26T20:30:19","modified_gmt":"2026-01-26T19:30:19","slug":"grande-paniere-de-rangement-romantique","status":"publish","type":"product","link":"https:\/\/aufildeno.com\/index.php\/product\/grande-paniere-de-rangement-romantique\/","title":{"rendered":"Grande pani\u00e8re de rangement \u00ab\u00a0romantique\u00a0\u00bb"},"content":{"rendered":"<p>R\u00e9alis\u00e9s dans de jolis cotons et double gaze de cotons, nos grandes pani\u00e8res permettent de ranger vos cotons, chouchous, maquillage ou tout autre accessoires de la salle de bain.<\/p>\n<p>Toutes nos cr\u00e9ations sont r\u00e9alis\u00e9es \u00e0 la main dans notre atelier du vignoble nantais.<\/p>\n<p>Nous restons \u00e0 votre \u00e9coute pour toute personnalisation de produits (tissus, coloris, &#8230;).<\/p>\n<p><strong>TISSU ET ENTRETIEN<\/strong><\/p>\n<p>Coton, double gaze de coton et thermocollant.<\/p>\n<p>La pani\u00e8re peut \u00eatre lav\u00e9 en machine \u00e0 40\u00b0.<\/p>\n","protected":false},"excerpt":{"rendered":"<p>La grande pani\u00e8re fait partie des incontournables de votre salle de bain. Alli\u00e9e de votre organisation, elle vous permettra de ranger et d&rsquo;organiser tous vos accessoires, tout en embellissant votre pi\u00e8ce.<\/p>\n<p>Sa grande taille sera parfaite pour stocker tous vos indispensables !<\/p>\n","protected":false},"featured_media":816,"comment_status":"open","ping_status":"closed","template":"","meta":[],"product_brand":[],"product_cat":[34,78],"product_tag":[],"class_list":{"0":"post-511","1":"product","2":"type-product","3":"status-publish","4":"has-post-thumbnail","6":"product_cat-dans-la-salle-de-bain","7":"product_cat-maman-et-future-maman","9":"first","10":"instock","11":"shipping-taxable","12":"purchasable","13":"product-type-variable"},"yoast_head":"<!-- This site is optimized with the Yoast SEO plugin v27.4 - https:\/\/yoast.com\/product\/yoast-seo-wordpress\/ -->\n<title>Grande pani\u00e8re de rangement &quot;romantique&quot; - Au Fil d&#039;Eno<\/title>\n<meta name=\"robots\" content=\"index, follow, max-snippet:-1, max-image-preview:large, max-video-preview:-1\" \/>\n<link rel=\"canonical\" href=\"https:\/\/aufildeno.com\/index.php\/product\/grande-paniere-de-rangement-romantique\/\" \/>\n<meta property=\"og:locale\" content=\"fr_FR\" \/>\n<meta property=\"og:type\" content=\"article\" \/>\n<meta property=\"og:title\" content=\"Grande pani\u00e8re de rangement &quot;romantique&quot; - Au Fil d&#039;Eno\" \/>\n<meta property=\"og:description\" content=\"La grande pani\u00e8re fait partie des incontournables de votre salle de bain. Alli\u00e9e de votre organisation, elle vous permettra de ranger et d&#039;organiser tous vos accessoires, tout en embellissant votre pi\u00e8ce.  Sa grande taille sera parfaite pour stocker tous vos indispensables !\" \/>\n<meta property=\"og:url\" content=\"https:\/\/aufildeno.com\/index.php\/product\/grande-paniere-de-rangement-romantique\/\" \/>\n<meta property=\"og:site_name\" content=\"Au Fil d&#039;Eno\" \/>\n<meta property=\"article:publisher\" content=\"https:\/\/www.facebook.com\/aufildenola\" \/>\n<meta property=\"article:modified_time\" content=\"2026-01-26T19:30:19+00:00\" \/>\n<meta property=\"og:image\" content=\"https:\/\/aufildeno.com\/wp-content\/uploads\/2022\/06\/Photos-produits-site-internet-61.png\" \/>\n\t<meta property=\"og:image:width\" content=\"960\" \/>\n\t<meta property=\"og:image:height\" content=\"720\" \/>\n\t<meta property=\"og:image:type\" content=\"image\/png\" \/>\n<meta name=\"twitter:card\" content=\"summary_large_image\" \/>\n<meta name=\"twitter:label1\" content=\"Dur\u00e9e de lecture estim\u00e9e\" \/>\n\t<meta name=\"twitter:data1\" content=\"1 minute\" \/>\n<script type=\"application\/ld+json\" class=\"yoast-schema-graph\">{\"@context\":\"https:\\\/\\\/schema.org\",\"@graph\":[{\"@type\":\"WebPage\",\"@id\":\"https:\\\/\\\/aufildeno.com\\\/index.php\\\/product\\\/grande-paniere-de-rangement-romantique\\\/\",\"url\":\"https:\\\/\\\/aufildeno.com\\\/index.php\\\/product\\\/grande-paniere-de-rangement-romantique\\\/\",\"name\":\"Grande pani\u00e8re de rangement \\\"romantique\\\" - Au Fil d&#039;Eno\",\"isPartOf\":{\"@id\":\"https:\\\/\\\/aufildeno.com\\\/#website\"},\"primaryImageOfPage\":{\"@id\":\"https:\\\/\\\/aufildeno.com\\\/index.php\\\/product\\\/grande-paniere-de-rangement-romantique\\\/#primaryimage\"},\"image\":{\"@id\":\"https:\\\/\\\/aufildeno.com\\\/index.php\\\/product\\\/grande-paniere-de-rangement-romantique\\\/#primaryimage\"},\"thumbnailUrl\":\"https:\\\/\\\/aufildeno.com\\\/wp-content\\\/uploads\\\/2022\\\/06\\\/Photos-produits-site-internet-61.png\",\"datePublished\":\"2022-06-06T12:24:38+00:00\",\"dateModified\":\"2026-01-26T19:30:19+00:00\",\"breadcrumb\":{\"@id\":\"https:\\\/\\\/aufildeno.com\\\/index.php\\\/product\\\/grande-paniere-de-rangement-romantique\\\/#breadcrumb\"},\"inLanguage\":\"fr-FR\",\"potentialAction\":[{\"@type\":\"ReadAction\",\"target\":[\"https:\\\/\\\/aufildeno.com\\\/index.php\\\/product\\\/grande-paniere-de-rangement-romantique\\\/\"]}]},{\"@type\":\"ImageObject\",\"inLanguage\":\"fr-FR\",\"@id\":\"https:\\\/\\\/aufildeno.com\\\/index.php\\\/product\\\/grande-paniere-de-rangement-romantique\\\/#primaryimage\",\"url\":\"https:\\\/\\\/aufildeno.com\\\/wp-content\\\/uploads\\\/2022\\\/06\\\/Photos-produits-site-internet-61.png\",\"contentUrl\":\"https:\\\/\\\/aufildeno.com\\\/wp-content\\\/uploads\\\/2022\\\/06\\\/Photos-produits-site-internet-61.png\",\"width\":2048,\"height\":1536},{\"@type\":\"BreadcrumbList\",\"@id\":\"https:\\\/\\\/aufildeno.com\\\/index.php\\\/product\\\/grande-paniere-de-rangement-romantique\\\/#breadcrumb\",\"itemListElement\":[{\"@type\":\"ListItem\",\"position\":1,\"name\":\"Home\",\"item\":\"https:\\\/\\\/aufildeno.com\\\/\"},{\"@type\":\"ListItem\",\"position\":2,\"name\":\"Shop\",\"item\":\"https:\\\/\\\/aufildeno.com\\\/index.php\\\/shop\\\/\"},{\"@type\":\"ListItem\",\"position\":3,\"name\":\"Grande pani\u00e8re de rangement \u00ab\u00a0romantique\u00a0\u00bb\"}]},{\"@type\":\"WebSite\",\"@id\":\"https:\\\/\\\/aufildeno.com\\\/#website\",\"url\":\"https:\\\/\\\/aufildeno.com\\\/\",\"name\":\"Au Fil d&#039;Eno\",\"description\":\"\",\"potentialAction\":[{\"@type\":\"SearchAction\",\"target\":{\"@type\":\"EntryPoint\",\"urlTemplate\":\"https:\\\/\\\/aufildeno.com\\\/?s={search_term_string}\"},\"query-input\":{\"@type\":\"PropertyValueSpecification\",\"valueRequired\":true,\"valueName\":\"search_term_string\"}}],\"inLanguage\":\"fr-FR\"}]}<\/script>\n<!-- \/ Yoast SEO plugin. -->","yoast_head_json":{"title":"Grande pani\u00e8re de rangement \"romantique\" - Au Fil d&#039;Eno","robots":{"index":"index","follow":"follow","max-snippet":"max-snippet:-1","max-image-preview":"max-image-preview:large","max-video-preview":"max-video-preview:-1"},"canonical":"https:\/\/aufildeno.com\/index.php\/product\/grande-paniere-de-rangement-romantique\/","og_locale":"fr_FR","og_type":"article","og_title":"Grande pani\u00e8re de rangement \"romantique\" - Au Fil d&#039;Eno","og_description":"La grande pani\u00e8re fait partie des incontournables de votre salle de bain. Alli\u00e9e de votre organisation, elle vous permettra de ranger et d'organiser tous vos accessoires, tout en embellissant votre pi\u00e8ce.  Sa grande taille sera parfaite pour stocker tous vos indispensables !","og_url":"https:\/\/aufildeno.com\/index.php\/product\/grande-paniere-de-rangement-romantique\/","og_site_name":"Au Fil d&#039;Eno","article_publisher":"https:\/\/www.facebook.com\/aufildenola","article_modified_time":"2026-01-26T19:30:19+00:00","og_image":[{"url":"https:\/\/aufildeno.com\/wp-content\/uploads\/2022\/06\/Photos-produits-site-internet-61.png","width":960,"height":720,"type":"image\/png"}],"twitter_card":"summary_large_image","twitter_misc":{"Dur\u00e9e de lecture estim\u00e9e":"1 minute"},"schema":{"@context":"https:\/\/schema.org","@graph":[{"@type":"WebPage","@id":"https:\/\/aufildeno.com\/index.php\/product\/grande-paniere-de-rangement-romantique\/","url":"https:\/\/aufildeno.com\/index.php\/product\/grande-paniere-de-rangement-romantique\/","name":"Grande pani\u00e8re de rangement \"romantique\" - Au Fil d&#039;Eno","isPartOf":{"@id":"https:\/\/aufildeno.com\/#website"},"primaryImageOfPage":{"@id":"https:\/\/aufildeno.com\/index.php\/product\/grande-paniere-de-rangement-romantique\/#primaryimage"},"image":{"@id":"https:\/\/aufildeno.com\/index.php\/product\/grande-paniere-de-rangement-romantique\/#primaryimage"},"thumbnailUrl":"https:\/\/aufildeno.com\/wp-content\/uploads\/2022\/06\/Photos-produits-site-internet-61.png","datePublished":"2022-06-06T12:24:38+00:00","dateModified":"2026-01-26T19:30:19+00:00","breadcrumb":{"@id":"https:\/\/aufildeno.com\/index.php\/product\/grande-paniere-de-rangement-romantique\/#breadcrumb"},"inLanguage":"fr-FR","potentialAction":[{"@type":"ReadAction","target":["https:\/\/aufildeno.com\/index.php\/product\/grande-paniere-de-rangement-romantique\/"]}]},{"@type":"ImageObject","inLanguage":"fr-FR","@id":"https:\/\/aufildeno.com\/index.php\/product\/grande-paniere-de-rangement-romantique\/#primaryimage","url":"https:\/\/aufildeno.com\/wp-content\/uploads\/2022\/06\/Photos-produits-site-internet-61.png","contentUrl":"https:\/\/aufildeno.com\/wp-content\/uploads\/2022\/06\/Photos-produits-site-internet-61.png","width":2048,"height":1536},{"@type":"BreadcrumbList","@id":"https:\/\/aufildeno.com\/index.php\/product\/grande-paniere-de-rangement-romantique\/#breadcrumb","itemListElement":[{"@type":"ListItem","position":1,"name":"Home","item":"https:\/\/aufildeno.com\/"},{"@type":"ListItem","position":2,"name":"Shop","item":"https:\/\/aufildeno.com\/index.php\/shop\/"},{"@type":"ListItem","position":3,"name":"Grande pani\u00e8re de rangement \u00ab\u00a0romantique\u00a0\u00bb"}]},{"@type":"WebSite","@id":"https:\/\/aufildeno.com\/#website","url":"https:\/\/aufildeno.com\/","name":"Au Fil d&#039;Eno","description":"","potentialAction":[{"@type":"SearchAction","target":{"@type":"EntryPoint","urlTemplate":"https:\/\/aufildeno.com\/?s={search_term_string}"},"query-input":{"@type":"PropertyValueSpecification","valueRequired":true,"valueName":"search_term_string"}}],"inLanguage":"fr-FR"}]}},"jetpack_sharing_enabled":true,"_links":{"self":[{"href":"https:\/\/aufildeno.com\/index.php\/wp-json\/wp\/v2\/product\/511","targetHints":{"allow":["GET"]}}],"collection":[{"href":"https:\/\/aufildeno.com\/index.php\/wp-json\/wp\/v2\/product"}],"about":[{"href":"https:\/\/aufildeno.com\/index.php\/wp-json\/wp\/v2\/types\/product"}],"replies":[{"embeddable":true,"href":"https:\/\/aufildeno.com\/index.php\/wp-json\/wp\/v2\/comments?post=511"}],"wp:featuredmedia":[{"embeddable":true,"href":"https:\/\/aufildeno.com\/index.php\/wp-json\/wp\/v2\/media\/816"}],"wp:attachment":[{"href":"https:\/\/aufildeno.com\/index.php\/wp-json\/wp\/v2\/media?parent=511"}],"wp:term":[{"taxonomy":"product_brand","embeddable":true,"href":"https:\/\/aufildeno.com\/index.php\/wp-json\/wp\/v2\/product_brand?post=511"},{"taxonomy":"product_cat","embeddable":true,"href":"https:\/\/aufildeno.com\/index.php\/wp-json\/wp\/v2\/product_cat?post=511"},{"taxonomy":"product_tag","embeddable":true,"href":"https:\/\/aufildeno.com\/index.php\/wp-json\/wp\/v2\/product_tag?post=511"}],"curies":[{"name":"wp","href":"https:\/\/api.w.org\/{rel}","templated":true}]}}