{"id":545,"date":"2022-06-14T19:10:49","date_gmt":"2022-06-14T17:10:49","guid":{"rendered":"https:\/\/aufildeno.com\/?post_type=product&#038;p=545"},"modified":"2026-01-11T20:34:58","modified_gmt":"2026-01-11T19:34:58","slug":"duo-de-chouchous-maman-boutchou","status":"publish","type":"product","link":"https:\/\/aufildeno.com\/index.php\/product\/duo-de-chouchous-maman-boutchou\/","title":{"rendered":"Duo de chouchous &#8211; Maman &#038; Bout&rsquo;chou"},"content":{"rendered":"<p>Toutes nos cr\u00e9ations sont r\u00e9alis\u00e9es \u00e0 la main dans notre atelier du vignoble nantais.<\/p>\n<p>Nous restons \u00e0 votre \u00e9coute pour toute personnalisation de produits (tissus, coloris, &#8230;).<\/p>\n<p><strong>ENTRETIEN<\/strong><\/p>\n<p>Nos Chouchous peuvent \u00eatre lav\u00e9s en machine \u00e0 30\u00b0.<\/p>\n","protected":false},"excerpt":{"rendered":"<p>Le chouchou est l&rsquo;indispensable du moment ! En queue de cheval, demi-queue, en chignon ou encore au poignet, il s&rsquo;agit de l&rsquo;accessoire parfait pour compl\u00e9ter votre tenue.<\/p>\n<p>Et si vous utilisez cet accessoire tendance afin d&rsquo;\u00eatre assortie \u00e0 votre Bout&rsquo;chou ?<\/p>\n","protected":false},"featured_media":603,"comment_status":"open","ping_status":"closed","template":"","meta":[],"product_brand":[],"product_cat":[20,78],"product_tag":[],"class_list":{"0":"post-545","1":"product","2":"type-product","3":"status-publish","4":"has-post-thumbnail","6":"product_cat-accessoires-cheveux","7":"product_cat-maman-et-future-maman","9":"first","10":"instock","11":"shipping-taxable","12":"purchasable","13":"product-type-variable"},"yoast_head":"<!-- This site is optimized with the Yoast SEO plugin v27.4 - https:\/\/yoast.com\/product\/yoast-seo-wordpress\/ -->\n<title>Duo de chouchous - Maman &amp; Bout&#039;chou - Au Fil d&#039;Eno<\/title>\n<meta name=\"description\" content=\"Le chouchou est l&#039;indispensable du moment ! En queue de cheval, demi-queue, en chignon ou encore au poignet, il est parfait.\" \/>\n<meta name=\"robots\" content=\"index, follow, max-snippet:-1, max-image-preview:large, max-video-preview:-1\" \/>\n<link rel=\"canonical\" href=\"https:\/\/aufildeno.com\/index.php\/product\/duo-de-chouchous-maman-boutchou\/\" \/>\n<meta property=\"og:locale\" content=\"fr_FR\" \/>\n<meta property=\"og:type\" content=\"article\" \/>\n<meta property=\"og:title\" content=\"Duo de chouchous - Maman &amp; Bout&#039;chou - Au Fil d&#039;Eno\" \/>\n<meta property=\"og:description\" content=\"Le chouchou est l&#039;indispensable du moment ! En queue de cheval, demi-queue, en chignon ou encore au poignet, il est parfait.\" \/>\n<meta property=\"og:url\" content=\"https:\/\/aufildeno.com\/index.php\/product\/duo-de-chouchous-maman-boutchou\/\" \/>\n<meta property=\"og:site_name\" content=\"Au Fil d&#039;Eno\" \/>\n<meta property=\"article:publisher\" content=\"https:\/\/www.facebook.com\/aufildenola\" \/>\n<meta property=\"article:modified_time\" content=\"2026-01-11T19:34:58+00:00\" \/>\n<meta property=\"og:image\" content=\"https:\/\/aufildeno.com\/wp-content\/uploads\/2023\/10\/Photos-produits-site-internet-14-1-1024x768.png\" \/>\n\t<meta property=\"og:image:width\" content=\"1024\" \/>\n\t<meta property=\"og:image:height\" content=\"768\" \/>\n\t<meta property=\"og:image:type\" content=\"image\/png\" \/>\n<meta name=\"twitter:card\" content=\"summary_large_image\" \/>\n<meta name=\"twitter:label1\" content=\"Dur\u00e9e de lecture estim\u00e9e\" \/>\n\t<meta name=\"twitter:data1\" content=\"1 minute\" \/>\n<script type=\"application\/ld+json\" class=\"yoast-schema-graph\">{\"@context\":\"https:\\\/\\\/schema.org\",\"@graph\":[{\"@type\":\"WebPage\",\"@id\":\"https:\\\/\\\/aufildeno.com\\\/index.php\\\/product\\\/duo-de-chouchous-maman-boutchou\\\/\",\"url\":\"https:\\\/\\\/aufildeno.com\\\/index.php\\\/product\\\/duo-de-chouchous-maman-boutchou\\\/\",\"name\":\"Duo de chouchous - Maman & Bout'chou - Au Fil d&#039;Eno\",\"isPartOf\":{\"@id\":\"https:\\\/\\\/aufildeno.com\\\/#website\"},\"primaryImageOfPage\":{\"@id\":\"https:\\\/\\\/aufildeno.com\\\/index.php\\\/product\\\/duo-de-chouchous-maman-boutchou\\\/#primaryimage\"},\"image\":{\"@id\":\"https:\\\/\\\/aufildeno.com\\\/index.php\\\/product\\\/duo-de-chouchous-maman-boutchou\\\/#primaryimage\"},\"thumbnailUrl\":\"https:\\\/\\\/aufildeno.com\\\/wp-content\\\/uploads\\\/2023\\\/10\\\/Photos-produits-site-internet-14-1.png\",\"datePublished\":\"2022-06-14T17:10:49+00:00\",\"dateModified\":\"2026-01-11T19:34:58+00:00\",\"description\":\"Le chouchou est l'indispensable du moment ! En queue de cheval, demi-queue, en chignon ou encore au poignet, il est parfait.\",\"breadcrumb\":{\"@id\":\"https:\\\/\\\/aufildeno.com\\\/index.php\\\/product\\\/duo-de-chouchous-maman-boutchou\\\/#breadcrumb\"},\"inLanguage\":\"fr-FR\",\"potentialAction\":[{\"@type\":\"ReadAction\",\"target\":[\"https:\\\/\\\/aufildeno.com\\\/index.php\\\/product\\\/duo-de-chouchous-maman-boutchou\\\/\"]}]},{\"@type\":\"ImageObject\",\"inLanguage\":\"fr-FR\",\"@id\":\"https:\\\/\\\/aufildeno.com\\\/index.php\\\/product\\\/duo-de-chouchous-maman-boutchou\\\/#primaryimage\",\"url\":\"https:\\\/\\\/aufildeno.com\\\/wp-content\\\/uploads\\\/2023\\\/10\\\/Photos-produits-site-internet-14-1.png\",\"contentUrl\":\"https:\\\/\\\/aufildeno.com\\\/wp-content\\\/uploads\\\/2023\\\/10\\\/Photos-produits-site-internet-14-1.png\",\"width\":2048,\"height\":1536},{\"@type\":\"BreadcrumbList\",\"@id\":\"https:\\\/\\\/aufildeno.com\\\/index.php\\\/product\\\/duo-de-chouchous-maman-boutchou\\\/#breadcrumb\",\"itemListElement\":[{\"@type\":\"ListItem\",\"position\":1,\"name\":\"Home\",\"item\":\"https:\\\/\\\/aufildeno.com\\\/\"},{\"@type\":\"ListItem\",\"position\":2,\"name\":\"Shop\",\"item\":\"https:\\\/\\\/aufildeno.com\\\/index.php\\\/shop\\\/\"},{\"@type\":\"ListItem\",\"position\":3,\"name\":\"Duo de chouchous &#8211; Maman &#038; Bout&rsquo;chou\"}]},{\"@type\":\"WebSite\",\"@id\":\"https:\\\/\\\/aufildeno.com\\\/#website\",\"url\":\"https:\\\/\\\/aufildeno.com\\\/\",\"name\":\"Au Fil d&#039;Eno\",\"description\":\"\",\"potentialAction\":[{\"@type\":\"SearchAction\",\"target\":{\"@type\":\"EntryPoint\",\"urlTemplate\":\"https:\\\/\\\/aufildeno.com\\\/?s={search_term_string}\"},\"query-input\":{\"@type\":\"PropertyValueSpecification\",\"valueRequired\":true,\"valueName\":\"search_term_string\"}}],\"inLanguage\":\"fr-FR\"}]}<\/script>\n<!-- \/ Yoast SEO plugin. -->","yoast_head_json":{"title":"Duo de chouchous - Maman & Bout'chou - Au Fil d&#039;Eno","description":"Le chouchou est l'indispensable du moment ! En queue de cheval, demi-queue, en chignon ou encore au poignet, il est parfait.","robots":{"index":"index","follow":"follow","max-snippet":"max-snippet:-1","max-image-preview":"max-image-preview:large","max-video-preview":"max-video-preview:-1"},"canonical":"https:\/\/aufildeno.com\/index.php\/product\/duo-de-chouchous-maman-boutchou\/","og_locale":"fr_FR","og_type":"article","og_title":"Duo de chouchous - Maman & Bout'chou - Au Fil d&#039;Eno","og_description":"Le chouchou est l'indispensable du moment ! En queue de cheval, demi-queue, en chignon ou encore au poignet, il est parfait.","og_url":"https:\/\/aufildeno.com\/index.php\/product\/duo-de-chouchous-maman-boutchou\/","og_site_name":"Au Fil d&#039;Eno","article_publisher":"https:\/\/www.facebook.com\/aufildenola","article_modified_time":"2026-01-11T19:34:58+00:00","og_image":[{"width":1024,"height":768,"url":"https:\/\/aufildeno.com\/wp-content\/uploads\/2023\/10\/Photos-produits-site-internet-14-1-1024x768.png","type":"image\/png"}],"twitter_card":"summary_large_image","twitter_misc":{"Dur\u00e9e de lecture estim\u00e9e":"1 minute"},"schema":{"@context":"https:\/\/schema.org","@graph":[{"@type":"WebPage","@id":"https:\/\/aufildeno.com\/index.php\/product\/duo-de-chouchous-maman-boutchou\/","url":"https:\/\/aufildeno.com\/index.php\/product\/duo-de-chouchous-maman-boutchou\/","name":"Duo de chouchous - Maman & Bout'chou - Au Fil d&#039;Eno","isPartOf":{"@id":"https:\/\/aufildeno.com\/#website"},"primaryImageOfPage":{"@id":"https:\/\/aufildeno.com\/index.php\/product\/duo-de-chouchous-maman-boutchou\/#primaryimage"},"image":{"@id":"https:\/\/aufildeno.com\/index.php\/product\/duo-de-chouchous-maman-boutchou\/#primaryimage"},"thumbnailUrl":"https:\/\/aufildeno.com\/wp-content\/uploads\/2023\/10\/Photos-produits-site-internet-14-1.png","datePublished":"2022-06-14T17:10:49+00:00","dateModified":"2026-01-11T19:34:58+00:00","description":"Le chouchou est l'indispensable du moment ! En queue de cheval, demi-queue, en chignon ou encore au poignet, il est parfait.","breadcrumb":{"@id":"https:\/\/aufildeno.com\/index.php\/product\/duo-de-chouchous-maman-boutchou\/#breadcrumb"},"inLanguage":"fr-FR","potentialAction":[{"@type":"ReadAction","target":["https:\/\/aufildeno.com\/index.php\/product\/duo-de-chouchous-maman-boutchou\/"]}]},{"@type":"ImageObject","inLanguage":"fr-FR","@id":"https:\/\/aufildeno.com\/index.php\/product\/duo-de-chouchous-maman-boutchou\/#primaryimage","url":"https:\/\/aufildeno.com\/wp-content\/uploads\/2023\/10\/Photos-produits-site-internet-14-1.png","contentUrl":"https:\/\/aufildeno.com\/wp-content\/uploads\/2023\/10\/Photos-produits-site-internet-14-1.png","width":2048,"height":1536},{"@type":"BreadcrumbList","@id":"https:\/\/aufildeno.com\/index.php\/product\/duo-de-chouchous-maman-boutchou\/#breadcrumb","itemListElement":[{"@type":"ListItem","position":1,"name":"Home","item":"https:\/\/aufildeno.com\/"},{"@type":"ListItem","position":2,"name":"Shop","item":"https:\/\/aufildeno.com\/index.php\/shop\/"},{"@type":"ListItem","position":3,"name":"Duo de chouchous &#8211; Maman &#038; Bout&rsquo;chou"}]},{"@type":"WebSite","@id":"https:\/\/aufildeno.com\/#website","url":"https:\/\/aufildeno.com\/","name":"Au Fil d&#039;Eno","description":"","potentialAction":[{"@type":"SearchAction","target":{"@type":"EntryPoint","urlTemplate":"https:\/\/aufildeno.com\/?s={search_term_string}"},"query-input":{"@type":"PropertyValueSpecification","valueRequired":true,"valueName":"search_term_string"}}],"inLanguage":"fr-FR"}]}},"jetpack_sharing_enabled":true,"_links":{"self":[{"href":"https:\/\/aufildeno.com\/index.php\/wp-json\/wp\/v2\/product\/545","targetHints":{"allow":["GET"]}}],"collection":[{"href":"https:\/\/aufildeno.com\/index.php\/wp-json\/wp\/v2\/product"}],"about":[{"href":"https:\/\/aufildeno.com\/index.php\/wp-json\/wp\/v2\/types\/product"}],"replies":[{"embeddable":true,"href":"https:\/\/aufildeno.com\/index.php\/wp-json\/wp\/v2\/comments?post=545"}],"wp:featuredmedia":[{"embeddable":true,"href":"https:\/\/aufildeno.com\/index.php\/wp-json\/wp\/v2\/media\/603"}],"wp:attachment":[{"href":"https:\/\/aufildeno.com\/index.php\/wp-json\/wp\/v2\/media?parent=545"}],"wp:term":[{"taxonomy":"product_brand","embeddable":true,"href":"https:\/\/aufildeno.com\/index.php\/wp-json\/wp\/v2\/product_brand?post=545"},{"taxonomy":"product_cat","embeddable":true,"href":"https:\/\/aufildeno.com\/index.php\/wp-json\/wp\/v2\/product_cat?post=545"},{"taxonomy":"product_tag","embeddable":true,"href":"https:\/\/aufildeno.com\/index.php\/wp-json\/wp\/v2\/product_tag?post=545"}],"curies":[{"name":"wp","href":"https:\/\/api.w.org\/{rel}","templated":true}]}}