{"id":642,"date":"2024-12-19T13:29:16","date_gmt":"2024-12-19T12:29:16","guid":{"rendered":"https:\/\/aufildeno.com\/?post_type=product&#038;p=642"},"modified":"2025-12-17T20:43:26","modified_gmt":"2025-12-17T19:43:26","slug":"lot-mixte-4-cotons-2-lingettes","status":"publish","type":"product","link":"https:\/\/aufildeno.com\/index.php\/product\/lot-mixte-4-cotons-2-lingettes\/","title":{"rendered":"Lot Mixte &#8211; 4 cotons &#038; 2 lingettes"},"content":{"rendered":"<p>Toutes nos cr\u00e9ations sont r\u00e9alis\u00e9es \u00e0 la main dans notre atelier du vignoble nantais.<\/p>\n<p>Nous restons \u00e0 votre \u00e9coute pour toute personnalisation de produits (tissus, coloris, &#8230;).<\/p>\n<p><strong>LES DIFF\u00c9RENTES OPTIONS<\/strong><\/p>\n<ul>\n<li>Eponges grises : Lot n\u00b01<\/li>\n<li>Eponges blanc cass\u00e9 : Lot n\u00b02<\/li>\n<li>Eponges blanches : Lot n\u00b03<\/li>\n<\/ul>\n<p><strong>TISSU ET ENTRETIEN<\/strong><\/p>\n<p>Coton et micro \u00e9ponge de bambou (40% de bambou, 40% de polyester et 20% de coton).<\/p>\n<p>Nos lingettes peuvent \u00eatre lav\u00e9s dans un filet de lavage en machine \u00e0 laver \u00e0 40\u00b0.<\/p>\n<p>Il est fortement recommand\u00e9 de laver les produits avant toute premi\u00e8re utilisation.<\/p>\n","protected":false},"excerpt":{"rendered":"<p>Envie de passer au 0 d\u00e9chets dans vos routines beaut\u00e9 ? Notre kit mixte de 2 lingettes et 4 cotons vous permet d&rsquo;int\u00e9grer ce nouveau mode de consommation dans vos routines beaut\u00e9 et hygi\u00e8ne.<\/p>\n<p>Les lingettes et cotons lavables vous permettront de prendre soin de votre peau, ou m\u00eame des fesses de b\u00e9b\u00e9, de fa\u00e7on plus respectueuse et dans le respect de l&rsquo;environnement.<\/p>\n","protected":false},"featured_media":784,"comment_status":"open","ping_status":"closed","template":"","meta":[],"product_brand":[],"product_cat":[34,78,47],"product_tag":[],"class_list":{"0":"post-642","1":"product","2":"type-product","3":"status-publish","4":"has-post-thumbnail","6":"product_cat-dans-la-salle-de-bain","7":"product_cat-maman-et-future-maman","8":"product_cat-cotons-et-lingettes","10":"first","11":"instock","12":"shipping-taxable","13":"purchasable","14":"product-type-variable"},"yoast_head":"<!-- This site is optimized with the Yoast SEO plugin v27.4 - https:\/\/yoast.com\/product\/yoast-seo-wordpress\/ -->\n<title>Lot Mixte - 4 cotons &amp; 2 lingettes - Au Fil d&#039;Eno<\/title>\n<meta name=\"robots\" content=\"index, follow, max-snippet:-1, max-image-preview:large, max-video-preview:-1\" \/>\n<link rel=\"canonical\" href=\"https:\/\/aufildeno.com\/index.php\/product\/lot-mixte-4-cotons-2-lingettes\/\" \/>\n<meta property=\"og:locale\" content=\"fr_FR\" \/>\n<meta property=\"og:type\" content=\"article\" \/>\n<meta property=\"og:title\" content=\"Lot Mixte - 4 cotons &amp; 2 lingettes - Au Fil d&#039;Eno\" \/>\n<meta property=\"og:description\" content=\"Envie de passer au 0 d\u00e9chets dans vos routines beaut\u00e9 ? Notre kit mixte de 2 lingettes et 4 cotons vous permet d&#039;int\u00e9grer ce nouveau mode de consommation dans vos routines beaut\u00e9 et hygi\u00e8ne.  Les lingettes et cotons lavables vous permettront de prendre soin de votre peau, ou m\u00eame des fesses de b\u00e9b\u00e9, de fa\u00e7on plus respectueuse et dans le respect de l&#039;environnement.\" \/>\n<meta property=\"og:url\" content=\"https:\/\/aufildeno.com\/index.php\/product\/lot-mixte-4-cotons-2-lingettes\/\" \/>\n<meta property=\"og:site_name\" content=\"Au Fil d&#039;Eno\" \/>\n<meta property=\"article:publisher\" content=\"https:\/\/www.facebook.com\/aufildenola\" \/>\n<meta property=\"article:modified_time\" content=\"2025-12-17T19:43:26+00:00\" \/>\n<meta property=\"og:image\" content=\"https:\/\/aufildeno.com\/wp-content\/uploads\/2024\/12\/Photos-produits-site-internet-1-1024x768.png\" \/>\n\t<meta property=\"og:image:width\" content=\"1024\" \/>\n\t<meta property=\"og:image:height\" content=\"768\" \/>\n\t<meta property=\"og:image:type\" content=\"image\/png\" \/>\n<meta name=\"twitter:card\" content=\"summary_large_image\" \/>\n<meta name=\"twitter:label1\" content=\"Dur\u00e9e de lecture estim\u00e9e\" \/>\n\t<meta name=\"twitter:data1\" content=\"1 minute\" \/>\n<script type=\"application\/ld+json\" class=\"yoast-schema-graph\">{\"@context\":\"https:\\\/\\\/schema.org\",\"@graph\":[{\"@type\":\"WebPage\",\"@id\":\"https:\\\/\\\/aufildeno.com\\\/index.php\\\/product\\\/lot-mixte-4-cotons-2-lingettes\\\/\",\"url\":\"https:\\\/\\\/aufildeno.com\\\/index.php\\\/product\\\/lot-mixte-4-cotons-2-lingettes\\\/\",\"name\":\"Lot Mixte - 4 cotons & 2 lingettes - Au Fil d&#039;Eno\",\"isPartOf\":{\"@id\":\"https:\\\/\\\/aufildeno.com\\\/#website\"},\"primaryImageOfPage\":{\"@id\":\"https:\\\/\\\/aufildeno.com\\\/index.php\\\/product\\\/lot-mixte-4-cotons-2-lingettes\\\/#primaryimage\"},\"image\":{\"@id\":\"https:\\\/\\\/aufildeno.com\\\/index.php\\\/product\\\/lot-mixte-4-cotons-2-lingettes\\\/#primaryimage\"},\"thumbnailUrl\":\"https:\\\/\\\/aufildeno.com\\\/wp-content\\\/uploads\\\/2024\\\/12\\\/Photos-produits-site-internet-1.png\",\"datePublished\":\"2024-12-19T12:29:16+00:00\",\"dateModified\":\"2025-12-17T19:43:26+00:00\",\"breadcrumb\":{\"@id\":\"https:\\\/\\\/aufildeno.com\\\/index.php\\\/product\\\/lot-mixte-4-cotons-2-lingettes\\\/#breadcrumb\"},\"inLanguage\":\"fr-FR\",\"potentialAction\":[{\"@type\":\"ReadAction\",\"target\":[\"https:\\\/\\\/aufildeno.com\\\/index.php\\\/product\\\/lot-mixte-4-cotons-2-lingettes\\\/\"]}]},{\"@type\":\"ImageObject\",\"inLanguage\":\"fr-FR\",\"@id\":\"https:\\\/\\\/aufildeno.com\\\/index.php\\\/product\\\/lot-mixte-4-cotons-2-lingettes\\\/#primaryimage\",\"url\":\"https:\\\/\\\/aufildeno.com\\\/wp-content\\\/uploads\\\/2024\\\/12\\\/Photos-produits-site-internet-1.png\",\"contentUrl\":\"https:\\\/\\\/aufildeno.com\\\/wp-content\\\/uploads\\\/2024\\\/12\\\/Photos-produits-site-internet-1.png\",\"width\":2048,\"height\":1536},{\"@type\":\"BreadcrumbList\",\"@id\":\"https:\\\/\\\/aufildeno.com\\\/index.php\\\/product\\\/lot-mixte-4-cotons-2-lingettes\\\/#breadcrumb\",\"itemListElement\":[{\"@type\":\"ListItem\",\"position\":1,\"name\":\"Home\",\"item\":\"https:\\\/\\\/aufildeno.com\\\/\"},{\"@type\":\"ListItem\",\"position\":2,\"name\":\"Shop\",\"item\":\"https:\\\/\\\/aufildeno.com\\\/index.php\\\/shop\\\/\"},{\"@type\":\"ListItem\",\"position\":3,\"name\":\"Lot Mixte &#8211; 4 cotons &#038; 2 lingettes\"}]},{\"@type\":\"WebSite\",\"@id\":\"https:\\\/\\\/aufildeno.com\\\/#website\",\"url\":\"https:\\\/\\\/aufildeno.com\\\/\",\"name\":\"Au Fil d&#039;Eno\",\"description\":\"\",\"potentialAction\":[{\"@type\":\"SearchAction\",\"target\":{\"@type\":\"EntryPoint\",\"urlTemplate\":\"https:\\\/\\\/aufildeno.com\\\/?s={search_term_string}\"},\"query-input\":{\"@type\":\"PropertyValueSpecification\",\"valueRequired\":true,\"valueName\":\"search_term_string\"}}],\"inLanguage\":\"fr-FR\"}]}<\/script>\n<!-- \/ Yoast SEO plugin. -->","yoast_head_json":{"title":"Lot Mixte - 4 cotons & 2 lingettes - Au Fil d&#039;Eno","robots":{"index":"index","follow":"follow","max-snippet":"max-snippet:-1","max-image-preview":"max-image-preview:large","max-video-preview":"max-video-preview:-1"},"canonical":"https:\/\/aufildeno.com\/index.php\/product\/lot-mixte-4-cotons-2-lingettes\/","og_locale":"fr_FR","og_type":"article","og_title":"Lot Mixte - 4 cotons & 2 lingettes - Au Fil d&#039;Eno","og_description":"Envie de passer au 0 d\u00e9chets dans vos routines beaut\u00e9 ? Notre kit mixte de 2 lingettes et 4 cotons vous permet d'int\u00e9grer ce nouveau mode de consommation dans vos routines beaut\u00e9 et hygi\u00e8ne.  Les lingettes et cotons lavables vous permettront de prendre soin de votre peau, ou m\u00eame des fesses de b\u00e9b\u00e9, de fa\u00e7on plus respectueuse et dans le respect de l'environnement.","og_url":"https:\/\/aufildeno.com\/index.php\/product\/lot-mixte-4-cotons-2-lingettes\/","og_site_name":"Au Fil d&#039;Eno","article_publisher":"https:\/\/www.facebook.com\/aufildenola","article_modified_time":"2025-12-17T19:43:26+00:00","og_image":[{"width":1024,"height":768,"url":"https:\/\/aufildeno.com\/wp-content\/uploads\/2024\/12\/Photos-produits-site-internet-1-1024x768.png","type":"image\/png"}],"twitter_card":"summary_large_image","twitter_misc":{"Dur\u00e9e de lecture estim\u00e9e":"1 minute"},"schema":{"@context":"https:\/\/schema.org","@graph":[{"@type":"WebPage","@id":"https:\/\/aufildeno.com\/index.php\/product\/lot-mixte-4-cotons-2-lingettes\/","url":"https:\/\/aufildeno.com\/index.php\/product\/lot-mixte-4-cotons-2-lingettes\/","name":"Lot Mixte - 4 cotons & 2 lingettes - Au Fil d&#039;Eno","isPartOf":{"@id":"https:\/\/aufildeno.com\/#website"},"primaryImageOfPage":{"@id":"https:\/\/aufildeno.com\/index.php\/product\/lot-mixte-4-cotons-2-lingettes\/#primaryimage"},"image":{"@id":"https:\/\/aufildeno.com\/index.php\/product\/lot-mixte-4-cotons-2-lingettes\/#primaryimage"},"thumbnailUrl":"https:\/\/aufildeno.com\/wp-content\/uploads\/2024\/12\/Photos-produits-site-internet-1.png","datePublished":"2024-12-19T12:29:16+00:00","dateModified":"2025-12-17T19:43:26+00:00","breadcrumb":{"@id":"https:\/\/aufildeno.com\/index.php\/product\/lot-mixte-4-cotons-2-lingettes\/#breadcrumb"},"inLanguage":"fr-FR","potentialAction":[{"@type":"ReadAction","target":["https:\/\/aufildeno.com\/index.php\/product\/lot-mixte-4-cotons-2-lingettes\/"]}]},{"@type":"ImageObject","inLanguage":"fr-FR","@id":"https:\/\/aufildeno.com\/index.php\/product\/lot-mixte-4-cotons-2-lingettes\/#primaryimage","url":"https:\/\/aufildeno.com\/wp-content\/uploads\/2024\/12\/Photos-produits-site-internet-1.png","contentUrl":"https:\/\/aufildeno.com\/wp-content\/uploads\/2024\/12\/Photos-produits-site-internet-1.png","width":2048,"height":1536},{"@type":"BreadcrumbList","@id":"https:\/\/aufildeno.com\/index.php\/product\/lot-mixte-4-cotons-2-lingettes\/#breadcrumb","itemListElement":[{"@type":"ListItem","position":1,"name":"Home","item":"https:\/\/aufildeno.com\/"},{"@type":"ListItem","position":2,"name":"Shop","item":"https:\/\/aufildeno.com\/index.php\/shop\/"},{"@type":"ListItem","position":3,"name":"Lot Mixte &#8211; 4 cotons &#038; 2 lingettes"}]},{"@type":"WebSite","@id":"https:\/\/aufildeno.com\/#website","url":"https:\/\/aufildeno.com\/","name":"Au Fil d&#039;Eno","description":"","potentialAction":[{"@type":"SearchAction","target":{"@type":"EntryPoint","urlTemplate":"https:\/\/aufildeno.com\/?s={search_term_string}"},"query-input":{"@type":"PropertyValueSpecification","valueRequired":true,"valueName":"search_term_string"}}],"inLanguage":"fr-FR"}]}},"jetpack_sharing_enabled":true,"_links":{"self":[{"href":"https:\/\/aufildeno.com\/index.php\/wp-json\/wp\/v2\/product\/642","targetHints":{"allow":["GET"]}}],"collection":[{"href":"https:\/\/aufildeno.com\/index.php\/wp-json\/wp\/v2\/product"}],"about":[{"href":"https:\/\/aufildeno.com\/index.php\/wp-json\/wp\/v2\/types\/product"}],"replies":[{"embeddable":true,"href":"https:\/\/aufildeno.com\/index.php\/wp-json\/wp\/v2\/comments?post=642"}],"wp:featuredmedia":[{"embeddable":true,"href":"https:\/\/aufildeno.com\/index.php\/wp-json\/wp\/v2\/media\/784"}],"wp:attachment":[{"href":"https:\/\/aufildeno.com\/index.php\/wp-json\/wp\/v2\/media?parent=642"}],"wp:term":[{"taxonomy":"product_brand","embeddable":true,"href":"https:\/\/aufildeno.com\/index.php\/wp-json\/wp\/v2\/product_brand?post=642"},{"taxonomy":"product_cat","embeddable":true,"href":"https:\/\/aufildeno.com\/index.php\/wp-json\/wp\/v2\/product_cat?post=642"},{"taxonomy":"product_tag","embeddable":true,"href":"https:\/\/aufildeno.com\/index.php\/wp-json\/wp\/v2\/product_tag?post=642"}],"curies":[{"name":"wp","href":"https:\/\/api.w.org\/{rel}","templated":true}]}}