{"id":703,"date":"2025-12-15T17:17:51","date_gmt":"2025-12-15T16:17:51","guid":{"rendered":"https:\/\/aufildeno.com\/?post_type=product&#038;p=703"},"modified":"2025-12-17T13:09:42","modified_gmt":"2025-12-17T12:09:42","slug":"coussinets-dallaitement","status":"publish","type":"product","link":"https:\/\/aufildeno.com\/index.php\/product\/coussinets-dallaitement\/","title":{"rendered":"Coussinets d&rsquo;allaitement"},"content":{"rendered":"<p data-start=\"146\" data-end=\"341\">Chaque paire de coussinets d\u2019allaitement est soigneusement confectionn\u00e9e \u00e0 la main pour offrir confort, protection et esth\u00e9tisme.<br data-start=\"275\" data-end=\"278\" \/>Le coussinet est compos\u00e9 de <strong data-start=\"306\" data-end=\"339\">trois couches compl\u00e9mentaires<\/strong> :<\/p>\n<ul data-start=\"343\" data-end=\"774\">\n<li data-start=\"343\" data-end=\"491\">\n<p data-start=\"345\" data-end=\"491\"><strong data-start=\"345\" data-end=\"371\">Tissu \u00e9ponge de bambou<\/strong> : doux, respirant et d\u00e9licat pour la peau sensible du sein, il assure un contact agr\u00e9able tout au long de la journ\u00e9e.<\/p>\n<\/li>\n<li data-start=\"492\" data-end=\"638\">\n<p data-start=\"494\" data-end=\"638\"><strong data-start=\"494\" data-end=\"526\">\u00c9paisseur de PUL imperm\u00e9able<\/strong> : cette membrane assure une parfaite imperm\u00e9abilit\u00e9, \u00e9vitant les fuites et vous permettant de rester sereine.<\/p>\n<\/li>\n<li data-start=\"639\" data-end=\"774\">\n<p data-start=\"641\" data-end=\"774\"><strong data-start=\"641\" data-end=\"669\">Tissu ext\u00e9rieur en coton<\/strong> : esth\u00e9tique et \u00e9l\u00e9gant, il apporte une jolie finition au coussinet et reste discret sous les v\u00eatements.<\/p>\n<\/li>\n<\/ul>\n<p data-start=\"776\" data-end=\"959\">Vendu <strong data-start=\"782\" data-end=\"795\">par paire<\/strong>, chaque lot comprend <strong data-start=\"817\" data-end=\"833\">2 coussinets<\/strong>. Gr\u00e2ce \u00e0 leur <strong data-start=\"848\" data-end=\"868\">couture centrale<\/strong>, ils s\u2019adaptent \u00e0 la forme du sein pour rester bien en place et offrir un confort optimal.<\/p>\n<p data-start=\"776\" data-end=\"959\"><strong>ENTRETIEN<\/strong><\/p>\n<p data-start=\"996\" data-end=\"1074\">Pour pr\u00e9server la qualit\u00e9 et la dur\u00e9e de vie de vos coussinets d\u2019allaitement :<\/p>\n<ul data-start=\"1076\" data-end=\"1286\">\n<li data-start=\"1076\" data-end=\"1177\">\n<p data-start=\"1078\" data-end=\"1177\"><strong data-start=\"1078\" data-end=\"1106\">Lavage en machine \u00e0 40\u00b0C<\/strong>, de pr\u00e9f\u00e9rence dans un <strong data-start=\"1130\" data-end=\"1149\">filet de lavage<\/strong> pour prot\u00e9ger les tissus.<\/p>\n<\/li>\n<li data-start=\"1178\" data-end=\"1286\">\n<p data-start=\"1180\" data-end=\"1286\"><strong data-start=\"1180\" data-end=\"1204\">S\u00e8che-linge interdit<\/strong> : laissez-les s\u00e9cher \u00e0 l\u2019air libre pour conserver leur forme et leurs propri\u00e9t\u00e9s.<\/p>\n<\/li>\n<\/ul>\n","protected":false},"excerpt":{"rendered":"<p data-start=\"209\" data-end=\"432\">Offrez-vous une exp\u00e9rience d\u2019allaitement plus sereine gr\u00e2ce \u00e0 nos coussinets d\u2019allaitement confectionn\u00e9s \u00e0 la main. Pens\u00e9s pour accompagner les mamans au quotidien, ils allient <strong data-start=\"386\" data-end=\"397\">douceur<\/strong>, <strong data-start=\"399\" data-end=\"413\">absorption<\/strong> et <strong data-start=\"417\" data-end=\"431\">discr\u00e9tion<\/strong>.<\/p>\n<p data-start=\"434\" data-end=\"523\">Chaque paire est r\u00e9alis\u00e9e avec soin dans des mati\u00e8res s\u00e9lectionn\u00e9es pour leur qualit\u00e9 :<\/p>\n<ul data-start=\"524\" data-end=\"815\">\n<li data-start=\"524\" data-end=\"625\">\n<p data-start=\"526\" data-end=\"625\"><strong data-start=\"526\" data-end=\"556\">Un tissu doux<\/strong>\u00a0au contact de la peau, id\u00e9al pour \u00e9viter irritations et inconfort.<\/p>\n<\/li>\n<li data-start=\"626\" data-end=\"706\">\n<p data-start=\"628\" data-end=\"706\"><strong data-start=\"628\" data-end=\"659\">Une couche imperm\u00e9able<\/strong> pour pr\u00e9venir les fuites en toute confiance.<\/p>\n<\/li>\n<li data-start=\"707\" data-end=\"815\">\n<p data-start=\"709\" data-end=\"815\"><strong>Un tissu ext\u00e9rieur en coton esth\u00e9tique<\/strong>, discret et agr\u00e9able, pour un fini soign\u00e9 et harmonieux sous les v\u00eatements..<\/p>\n<\/li>\n<\/ul>\n<p data-start=\"817\" data-end=\"1097\">R\u00e9utilisables et lavables, nos coussinets s\u2019inscrivent dans une d\u00e9marche <strong data-start=\"890\" data-end=\"904\">\u00e9cologique<\/strong> et <strong data-start=\"908\" data-end=\"922\">\u00e9conomique<\/strong>, tout en apportant un v\u00e9ritable <strong data-start=\"955\" data-end=\"974\">confort durable<\/strong>. Leur forme ergonomique s\u2019adapte naturellement \u00e0 votre poitrine pour un maintien agr\u00e9able et invisible sous les v\u00eatements.<\/p>\n<p data-start=\"1099\" data-end=\"1231\">Chaque coussinet est fabriqu\u00e9 artisanalement : de l\u00e9g\u00e8res variations t\u00e9moignent du caract\u00e8re unique et authentique de votre produit.<\/p>\n<p data-start=\"1233\" data-end=\"1390\"><strong data-start=\"1233\" data-end=\"1249\">Id\u00e9al pour :<\/strong><br data-start=\"1249\" data-end=\"1252\" \/>\u2714 Les mamans souhaitant allaiter en toute tranquillit\u00e9<br data-start=\"1306\" data-end=\"1309\" \/>\u2714 Les peaux sensibles<br data-start=\"1330\" data-end=\"1333\" \/>\u2714 Un choix plus responsable que les coussinets jetables<\/p>\n<p data-start=\"1392\" data-end=\"1551\">Ajoutez \u00e0 votre rituel d\u2019allaitement une touche de douceur et d\u2019artisanat avec nos coussinets faits main, pens\u00e9s pour vous accompagner dans ce moment pr\u00e9cieux.<\/p>\n","protected":false},"featured_media":706,"comment_status":"open","ping_status":"closed","template":"","meta":[],"product_brand":[],"product_cat":[78],"product_tag":[],"class_list":{"0":"post-703","1":"product","2":"type-product","3":"status-publish","4":"has-post-thumbnail","6":"product_cat-maman-et-future-maman","8":"first","9":"instock","10":"shipping-taxable","11":"purchasable","12":"product-type-variable"},"yoast_head":"<!-- This site is optimized with the Yoast SEO plugin v27.3 - https:\/\/yoast.com\/product\/yoast-seo-wordpress\/ -->\n<title>Coussinets d&#039;allaitement - Au Fil d&#039;Eno<\/title>\n<meta name=\"robots\" content=\"index, follow, max-snippet:-1, max-image-preview:large, max-video-preview:-1\" \/>\n<link rel=\"canonical\" href=\"https:\/\/aufildeno.com\/index.php\/product\/coussinets-dallaitement\/\" \/>\n<meta property=\"og:locale\" content=\"fr_FR\" \/>\n<meta property=\"og:type\" content=\"article\" \/>\n<meta property=\"og:title\" content=\"Coussinets d&#039;allaitement - Au Fil d&#039;Eno\" \/>\n<meta property=\"og:description\" content=\"Offrez-vous une exp\u00e9rience d\u2019allaitement plus sereine gr\u00e2ce \u00e0 nos coussinets d\u2019allaitement confectionn\u00e9s \u00e0 la main. Pens\u00e9s pour accompagner les mamans au quotidien, ils allient douceur, absorption et discr\u00e9tion. Chaque paire est r\u00e9alis\u00e9e avec soin dans des mati\u00e8res s\u00e9lectionn\u00e9es pour leur qualit\u00e9 :     Un tissu doux\u00a0au contact de la peau, id\u00e9al pour \u00e9viter irritations et inconfort.    Une couche imperm\u00e9able pour pr\u00e9venir les fuites en toute confiance.    Un tissu ext\u00e9rieur en coton esth\u00e9tique, discret et agr\u00e9able, pour un fini soign\u00e9 et harmonieux sous les v\u00eatements..   R\u00e9utilisables et lavables, nos coussinets s\u2019inscrivent dans une d\u00e9marche \u00e9cologique et \u00e9conomique, tout en apportant un v\u00e9ritable confort durable. Leur forme ergonomique s\u2019adapte naturellement \u00e0 votre poitrine pour un maintien agr\u00e9able et invisible sous les v\u00eatements. Chaque coussinet est fabriqu\u00e9 artisanalement : de l\u00e9g\u00e8res variations t\u00e9moignent du caract\u00e8re unique et authentique de votre produit. Id\u00e9al pour :\u2714 Les mamans souhaitant allaiter en toute tranquillit\u00e9\u2714 Les peaux sensibles\u2714 Un choix plus responsable que les coussinets jetables Ajoutez \u00e0 votre rituel d\u2019allaitement une touche de douceur et d\u2019artisanat avec nos coussinets faits main, pens\u00e9s pour vous accompagner dans ce moment pr\u00e9cieux.\" \/>\n<meta property=\"og:url\" content=\"https:\/\/aufildeno.com\/index.php\/product\/coussinets-dallaitement\/\" \/>\n<meta property=\"og:site_name\" content=\"Au Fil d&#039;Eno\" \/>\n<meta property=\"article:publisher\" content=\"https:\/\/www.facebook.com\/aufildenola\" \/>\n<meta property=\"article:modified_time\" content=\"2025-12-17T12:09:42+00:00\" \/>\n<meta property=\"og:image\" content=\"https:\/\/aufildeno.com\/wp-content\/uploads\/2025\/12\/Photos-produits-site-internet-3-1024x768.png\" \/>\n\t<meta property=\"og:image:width\" content=\"1024\" \/>\n\t<meta property=\"og:image:height\" content=\"768\" \/>\n\t<meta property=\"og:image:type\" content=\"image\/png\" \/>\n<meta name=\"twitter:card\" content=\"summary_large_image\" \/>\n<meta name=\"twitter:label1\" content=\"Dur\u00e9e de lecture estim\u00e9e\" \/>\n\t<meta name=\"twitter:data1\" content=\"2 minutes\" \/>\n<script type=\"application\/ld+json\" class=\"yoast-schema-graph\">{\"@context\":\"https:\\\/\\\/schema.org\",\"@graph\":[{\"@type\":\"WebPage\",\"@id\":\"https:\\\/\\\/aufildeno.com\\\/index.php\\\/product\\\/coussinets-dallaitement\\\/\",\"url\":\"https:\\\/\\\/aufildeno.com\\\/index.php\\\/product\\\/coussinets-dallaitement\\\/\",\"name\":\"Coussinets d'allaitement - Au Fil d&#039;Eno\",\"isPartOf\":{\"@id\":\"https:\\\/\\\/aufildeno.com\\\/#website\"},\"primaryImageOfPage\":{\"@id\":\"https:\\\/\\\/aufildeno.com\\\/index.php\\\/product\\\/coussinets-dallaitement\\\/#primaryimage\"},\"image\":{\"@id\":\"https:\\\/\\\/aufildeno.com\\\/index.php\\\/product\\\/coussinets-dallaitement\\\/#primaryimage\"},\"thumbnailUrl\":\"https:\\\/\\\/aufildeno.com\\\/wp-content\\\/uploads\\\/2025\\\/12\\\/Photos-produits-site-internet-3.png\",\"datePublished\":\"2025-12-15T16:17:51+00:00\",\"dateModified\":\"2025-12-17T12:09:42+00:00\",\"breadcrumb\":{\"@id\":\"https:\\\/\\\/aufildeno.com\\\/index.php\\\/product\\\/coussinets-dallaitement\\\/#breadcrumb\"},\"inLanguage\":\"fr-FR\",\"potentialAction\":[{\"@type\":\"ReadAction\",\"target\":[\"https:\\\/\\\/aufildeno.com\\\/index.php\\\/product\\\/coussinets-dallaitement\\\/\"]}]},{\"@type\":\"ImageObject\",\"inLanguage\":\"fr-FR\",\"@id\":\"https:\\\/\\\/aufildeno.com\\\/index.php\\\/product\\\/coussinets-dallaitement\\\/#primaryimage\",\"url\":\"https:\\\/\\\/aufildeno.com\\\/wp-content\\\/uploads\\\/2025\\\/12\\\/Photos-produits-site-internet-3.png\",\"contentUrl\":\"https:\\\/\\\/aufildeno.com\\\/wp-content\\\/uploads\\\/2025\\\/12\\\/Photos-produits-site-internet-3.png\",\"width\":2048,\"height\":1536},{\"@type\":\"BreadcrumbList\",\"@id\":\"https:\\\/\\\/aufildeno.com\\\/index.php\\\/product\\\/coussinets-dallaitement\\\/#breadcrumb\",\"itemListElement\":[{\"@type\":\"ListItem\",\"position\":1,\"name\":\"Home\",\"item\":\"https:\\\/\\\/aufildeno.com\\\/\"},{\"@type\":\"ListItem\",\"position\":2,\"name\":\"Shop\",\"item\":\"https:\\\/\\\/aufildeno.com\\\/index.php\\\/shop\\\/\"},{\"@type\":\"ListItem\",\"position\":3,\"name\":\"Coussinets d&rsquo;allaitement\"}]},{\"@type\":\"WebSite\",\"@id\":\"https:\\\/\\\/aufildeno.com\\\/#website\",\"url\":\"https:\\\/\\\/aufildeno.com\\\/\",\"name\":\"Au Fil d&#039;Eno\",\"description\":\"\",\"potentialAction\":[{\"@type\":\"SearchAction\",\"target\":{\"@type\":\"EntryPoint\",\"urlTemplate\":\"https:\\\/\\\/aufildeno.com\\\/?s={search_term_string}\"},\"query-input\":{\"@type\":\"PropertyValueSpecification\",\"valueRequired\":true,\"valueName\":\"search_term_string\"}}],\"inLanguage\":\"fr-FR\"}]}<\/script>\n<!-- \/ Yoast SEO plugin. -->","yoast_head_json":{"title":"Coussinets d'allaitement - Au Fil d&#039;Eno","robots":{"index":"index","follow":"follow","max-snippet":"max-snippet:-1","max-image-preview":"max-image-preview:large","max-video-preview":"max-video-preview:-1"},"canonical":"https:\/\/aufildeno.com\/index.php\/product\/coussinets-dallaitement\/","og_locale":"fr_FR","og_type":"article","og_title":"Coussinets d'allaitement - Au Fil d&#039;Eno","og_description":"Offrez-vous une exp\u00e9rience d\u2019allaitement plus sereine gr\u00e2ce \u00e0 nos coussinets d\u2019allaitement confectionn\u00e9s \u00e0 la main. Pens\u00e9s pour accompagner les mamans au quotidien, ils allient douceur, absorption et discr\u00e9tion. Chaque paire est r\u00e9alis\u00e9e avec soin dans des mati\u00e8res s\u00e9lectionn\u00e9es pour leur qualit\u00e9 :     Un tissu doux\u00a0au contact de la peau, id\u00e9al pour \u00e9viter irritations et inconfort.    Une couche imperm\u00e9able pour pr\u00e9venir les fuites en toute confiance.    Un tissu ext\u00e9rieur en coton esth\u00e9tique, discret et agr\u00e9able, pour un fini soign\u00e9 et harmonieux sous les v\u00eatements..   R\u00e9utilisables et lavables, nos coussinets s\u2019inscrivent dans une d\u00e9marche \u00e9cologique et \u00e9conomique, tout en apportant un v\u00e9ritable confort durable. Leur forme ergonomique s\u2019adapte naturellement \u00e0 votre poitrine pour un maintien agr\u00e9able et invisible sous les v\u00eatements. Chaque coussinet est fabriqu\u00e9 artisanalement : de l\u00e9g\u00e8res variations t\u00e9moignent du caract\u00e8re unique et authentique de votre produit. Id\u00e9al pour :\u2714 Les mamans souhaitant allaiter en toute tranquillit\u00e9\u2714 Les peaux sensibles\u2714 Un choix plus responsable que les coussinets jetables Ajoutez \u00e0 votre rituel d\u2019allaitement une touche de douceur et d\u2019artisanat avec nos coussinets faits main, pens\u00e9s pour vous accompagner dans ce moment pr\u00e9cieux.","og_url":"https:\/\/aufildeno.com\/index.php\/product\/coussinets-dallaitement\/","og_site_name":"Au Fil d&#039;Eno","article_publisher":"https:\/\/www.facebook.com\/aufildenola","article_modified_time":"2025-12-17T12:09:42+00:00","og_image":[{"width":1024,"height":768,"url":"https:\/\/aufildeno.com\/wp-content\/uploads\/2025\/12\/Photos-produits-site-internet-3-1024x768.png","type":"image\/png"}],"twitter_card":"summary_large_image","twitter_misc":{"Dur\u00e9e de lecture estim\u00e9e":"2 minutes"},"schema":{"@context":"https:\/\/schema.org","@graph":[{"@type":"WebPage","@id":"https:\/\/aufildeno.com\/index.php\/product\/coussinets-dallaitement\/","url":"https:\/\/aufildeno.com\/index.php\/product\/coussinets-dallaitement\/","name":"Coussinets d'allaitement - Au Fil d&#039;Eno","isPartOf":{"@id":"https:\/\/aufildeno.com\/#website"},"primaryImageOfPage":{"@id":"https:\/\/aufildeno.com\/index.php\/product\/coussinets-dallaitement\/#primaryimage"},"image":{"@id":"https:\/\/aufildeno.com\/index.php\/product\/coussinets-dallaitement\/#primaryimage"},"thumbnailUrl":"https:\/\/aufildeno.com\/wp-content\/uploads\/2025\/12\/Photos-produits-site-internet-3.png","datePublished":"2025-12-15T16:17:51+00:00","dateModified":"2025-12-17T12:09:42+00:00","breadcrumb":{"@id":"https:\/\/aufildeno.com\/index.php\/product\/coussinets-dallaitement\/#breadcrumb"},"inLanguage":"fr-FR","potentialAction":[{"@type":"ReadAction","target":["https:\/\/aufildeno.com\/index.php\/product\/coussinets-dallaitement\/"]}]},{"@type":"ImageObject","inLanguage":"fr-FR","@id":"https:\/\/aufildeno.com\/index.php\/product\/coussinets-dallaitement\/#primaryimage","url":"https:\/\/aufildeno.com\/wp-content\/uploads\/2025\/12\/Photos-produits-site-internet-3.png","contentUrl":"https:\/\/aufildeno.com\/wp-content\/uploads\/2025\/12\/Photos-produits-site-internet-3.png","width":2048,"height":1536},{"@type":"BreadcrumbList","@id":"https:\/\/aufildeno.com\/index.php\/product\/coussinets-dallaitement\/#breadcrumb","itemListElement":[{"@type":"ListItem","position":1,"name":"Home","item":"https:\/\/aufildeno.com\/"},{"@type":"ListItem","position":2,"name":"Shop","item":"https:\/\/aufildeno.com\/index.php\/shop\/"},{"@type":"ListItem","position":3,"name":"Coussinets d&rsquo;allaitement"}]},{"@type":"WebSite","@id":"https:\/\/aufildeno.com\/#website","url":"https:\/\/aufildeno.com\/","name":"Au Fil d&#039;Eno","description":"","potentialAction":[{"@type":"SearchAction","target":{"@type":"EntryPoint","urlTemplate":"https:\/\/aufildeno.com\/?s={search_term_string}"},"query-input":{"@type":"PropertyValueSpecification","valueRequired":true,"valueName":"search_term_string"}}],"inLanguage":"fr-FR"}]}},"jetpack_sharing_enabled":true,"_links":{"self":[{"href":"https:\/\/aufildeno.com\/index.php\/wp-json\/wp\/v2\/product\/703","targetHints":{"allow":["GET"]}}],"collection":[{"href":"https:\/\/aufildeno.com\/index.php\/wp-json\/wp\/v2\/product"}],"about":[{"href":"https:\/\/aufildeno.com\/index.php\/wp-json\/wp\/v2\/types\/product"}],"replies":[{"embeddable":true,"href":"https:\/\/aufildeno.com\/index.php\/wp-json\/wp\/v2\/comments?post=703"}],"wp:featuredmedia":[{"embeddable":true,"href":"https:\/\/aufildeno.com\/index.php\/wp-json\/wp\/v2\/media\/706"}],"wp:attachment":[{"href":"https:\/\/aufildeno.com\/index.php\/wp-json\/wp\/v2\/media?parent=703"}],"wp:term":[{"taxonomy":"product_brand","embeddable":true,"href":"https:\/\/aufildeno.com\/index.php\/wp-json\/wp\/v2\/product_brand?post=703"},{"taxonomy":"product_cat","embeddable":true,"href":"https:\/\/aufildeno.com\/index.php\/wp-json\/wp\/v2\/product_cat?post=703"},{"taxonomy":"product_tag","embeddable":true,"href":"https:\/\/aufildeno.com\/index.php\/wp-json\/wp\/v2\/product_tag?post=703"}],"curies":[{"name":"wp","href":"https:\/\/api.w.org\/{rel}","templated":true}]}}