{"id":895,"date":"2025-12-24T13:41:34","date_gmt":"2025-12-24T12:41:34","guid":{"rendered":"https:\/\/aufildeno.com\/?post_type=product&#038;p=895"},"modified":"2026-01-29T18:21:47","modified_gmt":"2026-01-29T17:21:47","slug":"pochette-a-savons-petit-format","status":"publish","type":"product","link":"https:\/\/aufildeno.com\/index.php\/product\/pochette-a-savons-petit-format\/","title":{"rendered":"Pochette \u00e0 savons &#8211; Petit format"},"content":{"rendered":"<h3 data-path-to-node=\"10\">\ud83d\udee0\ufe0f Caract\u00e9ristiques &amp; Entretien<\/h3>\n<ul data-path-to-node=\"11\">\n<li>\n<p data-path-to-node=\"11,0,0\"><b data-path-to-node=\"11,0,0\" data-index-in-node=\"0\">Dimensions :<\/b> Id\u00e9ale pour un savon de taille standard (environ 100g).<\/p>\n<\/li>\n<li>\n<p data-path-to-node=\"11,1,0\"><b data-path-to-node=\"11,1,0\" data-index-in-node=\"0\">Composition :<\/b>Tissu enduit et imperm\u00e9able.<\/p>\n<\/li>\n<li>\n<p data-path-to-node=\"11,2,0\"><b data-path-to-node=\"11,2,0\" data-index-in-node=\"0\">Entretien facile :<\/b> Un petit coup d&rsquo;\u00e9ponge \u00e0 l&rsquo;int\u00e9rieur apr\u00e8s utilisation. Lavage en machine ponctuel \u00e0 30\u00b0C (s\u00e8che-linge d\u00e9conseill\u00e9 pour pr\u00e9server l\u2019imperm\u00e9abilit\u00e9).<\/p>\n<\/li>\n<\/ul>\n<hr data-path-to-node=\"12\" \/>\n<blockquote data-path-to-node=\"13\">\n<p data-path-to-node=\"13,0\"><b data-path-to-node=\"13,0\" data-index-in-node=\"0\">Mon petit mot :<\/b> <i data-path-to-node=\"13,0\" data-index-in-node=\"31\">\u00ab\u00a0J&rsquo;ai con\u00e7u ce format enveloppe pour offrir une alternative plus fine et plus graphique au pochon classique. C&rsquo;est l&rsquo;objet parfait pour faire un petit cadeau utile et original, ou pour commencer doucement sa transition vers le z\u00e9ro d\u00e9chet !\u00a0\u00bb<\/i><\/p>\n<\/blockquote>\n","protected":false},"excerpt":{"rendered":"<p data-path-to-node=\"3\">Dites adieu au savon qui se ballade dans la trousse de toilette ou au sac plastique peu esth\u00e9tique ! Cette petite pochette \u00ab\u00a0enveloppe\u00a0\u00bb est l&rsquo;accessoire indispensable pour transporter vos cosm\u00e9tiques solides (savon, shampoing, apr\u00e8s-shampoing) partout avec vous.<\/p>\n<h3 data-path-to-node=\"4\">\u2728 Les points forts de ma cr\u00e9ation :<\/h3>\n<ul data-path-to-node=\"5\">\n<li>\n<p data-path-to-node=\"5,0,0\"><b data-path-to-node=\"5,0,0\" data-index-in-node=\"0\">Format compact &amp; pratique :<\/b> Sa forme enveloppe plate a \u00e9t\u00e9 pens\u00e9e pour se glisser facilement dans une trousse de toilette, une valise ou un sac de sport sans prendre de place.<\/p>\n<\/li>\n<li>\n<p data-path-to-node=\"5,1,0\"><b data-path-to-node=\"5,1,0\" data-index-in-node=\"0\">Imperm\u00e9abilit\u00e9 totale :<\/b> Cousue dans un tissu imperm\u00e9able. Vous pouvez y ranger votre savon m\u00eame s&rsquo;il est encore humide : l&rsquo;humidit\u00e9 reste prisonni\u00e8re \u00e0 l&rsquo;int\u00e9rieur, prot\u00e9geant ainsi le reste de vos affaires.<\/p>\n<\/li>\n<li>\n<p data-path-to-node=\"5,2,0\"><b data-path-to-node=\"5,2,0\" data-index-in-node=\"0\">Fermeture s\u00e9curis\u00e9e :<\/b> Une pression solide et facile \u00e0 manipuler permet de maintenir votre savon bien en place lors de tous vos d\u00e9placements.<\/p>\n<\/li>\n<li>\n<p data-path-to-node=\"5,3,0\"><b data-path-to-node=\"5,3,0\" data-index-in-node=\"0\">Savoir-faire artisanal :<\/b> En tant que cr\u00e9atrice, je couds chaque pochette avec amour dans mon atelier. Choisir ce produit, c&rsquo;est soutenir une fabrication fran\u00e7aise, \u00e9thique et durable.<\/p>\n<\/li>\n<\/ul>\n<h3 data-path-to-node=\"6\">\ud83c\udfa8 Une collection pour tous les styles :<\/h3>\n<p data-path-to-node=\"7\">Que vous soyez adepte du chic intemporel ou des motifs vitamin\u00e9s, trouvez la pochette qui vous ressemble parmi tous mes<b data-path-to-node=\"7\" data-index-in-node=\"115\">\u00a0coloris exclusifs<\/b><\/p>\n","protected":false},"featured_media":896,"comment_status":"open","ping_status":"closed","template":"","meta":[],"product_brand":[],"product_cat":[33],"product_tag":[],"class_list":{"0":"post-895","1":"product","2":"type-product","3":"status-publish","4":"has-post-thumbnail","6":"product_cat-pour-voyager","8":"first","9":"instock","10":"shipping-taxable","11":"purchasable","12":"product-type-variable"},"yoast_head":"<!-- This site is optimized with the Yoast SEO plugin v27.4 - https:\/\/yoast.com\/product\/yoast-seo-wordpress\/ -->\n<title>Pochette \u00e0 savons - Petit format - Au Fil d&#039;Eno<\/title>\n<meta name=\"robots\" content=\"index, follow, max-snippet:-1, max-image-preview:large, max-video-preview:-1\" \/>\n<link rel=\"canonical\" href=\"https:\/\/aufildeno.com\/index.php\/product\/pochette-a-savons-petit-format\/\" \/>\n<meta property=\"og:locale\" content=\"fr_FR\" \/>\n<meta property=\"og:type\" content=\"article\" \/>\n<meta property=\"og:title\" content=\"Pochette \u00e0 savons - Petit format - Au Fil d&#039;Eno\" \/>\n<meta property=\"og:description\" content=\"Dites adieu au savon qui se ballade dans la trousse de toilette ou au sac plastique peu esth\u00e9tique ! Cette petite pochette &quot;enveloppe&quot; est l&#039;accessoire indispensable pour transporter vos cosm\u00e9tiques solides (savon, shampoing, apr\u00e8s-shampoing) partout avec vous.  \u2728 Les points forts de ma cr\u00e9ation :    Format compact &amp; pratique : Sa forme enveloppe plate a \u00e9t\u00e9 pens\u00e9e pour se glisser facilement dans une trousse de toilette, une valise ou un sac de sport sans prendre de place.    Imperm\u00e9abilit\u00e9 totale : Cousue dans un tissu imperm\u00e9able. Vous pouvez y ranger votre savon m\u00eame s&#039;il est encore humide : l&#039;humidit\u00e9 reste prisonni\u00e8re \u00e0 l&#039;int\u00e9rieur, prot\u00e9geant ainsi le reste de vos affaires.    Fermeture s\u00e9curis\u00e9e : Une pression solide et facile \u00e0 manipuler permet de maintenir votre savon bien en place lors de tous vos d\u00e9placements.    Savoir-faire artisanal : En tant que cr\u00e9atrice, je couds chaque pochette avec amour dans mon atelier. Choisir ce produit, c&#039;est soutenir une fabrication fran\u00e7aise, \u00e9thique et durable.   \ud83c\udfa8 Une collection pour tous les styles : Que vous soyez adepte du chic intemporel ou des motifs vitamin\u00e9s, trouvez la pochette qui vous ressemble parmi tous mes\u00a0coloris exclusifs\" \/>\n<meta property=\"og:url\" content=\"https:\/\/aufildeno.com\/index.php\/product\/pochette-a-savons-petit-format\/\" \/>\n<meta property=\"og:site_name\" content=\"Au Fil d&#039;Eno\" \/>\n<meta property=\"article:publisher\" content=\"https:\/\/www.facebook.com\/aufildenola\" \/>\n<meta property=\"article:modified_time\" content=\"2026-01-29T17:21:47+00:00\" \/>\n<meta property=\"og:image\" content=\"https:\/\/aufildeno.com\/wp-content\/uploads\/2025\/12\/Photos-produits-site-internet-12.jpeg\" \/>\n\t<meta property=\"og:image:width\" content=\"2048\" \/>\n\t<meta property=\"og:image:height\" content=\"1536\" \/>\n\t<meta property=\"og:image:type\" content=\"image\/jpeg\" \/>\n<meta name=\"twitter:card\" content=\"summary_large_image\" \/>\n<meta name=\"twitter:label1\" content=\"Dur\u00e9e de lecture estim\u00e9e\" \/>\n\t<meta name=\"twitter:data1\" content=\"1 minute\" \/>\n<script type=\"application\/ld+json\" class=\"yoast-schema-graph\">{\"@context\":\"https:\\\/\\\/schema.org\",\"@graph\":[{\"@type\":\"WebPage\",\"@id\":\"https:\\\/\\\/aufildeno.com\\\/index.php\\\/product\\\/pochette-a-savons-petit-format\\\/\",\"url\":\"https:\\\/\\\/aufildeno.com\\\/index.php\\\/product\\\/pochette-a-savons-petit-format\\\/\",\"name\":\"Pochette \u00e0 savons - Petit format - Au Fil d&#039;Eno\",\"isPartOf\":{\"@id\":\"https:\\\/\\\/aufildeno.com\\\/#website\"},\"primaryImageOfPage\":{\"@id\":\"https:\\\/\\\/aufildeno.com\\\/index.php\\\/product\\\/pochette-a-savons-petit-format\\\/#primaryimage\"},\"image\":{\"@id\":\"https:\\\/\\\/aufildeno.com\\\/index.php\\\/product\\\/pochette-a-savons-petit-format\\\/#primaryimage\"},\"thumbnailUrl\":\"https:\\\/\\\/aufildeno.com\\\/wp-content\\\/uploads\\\/2025\\\/12\\\/Photos-produits-site-internet-12.jpeg\",\"datePublished\":\"2025-12-24T12:41:34+00:00\",\"dateModified\":\"2026-01-29T17:21:47+00:00\",\"breadcrumb\":{\"@id\":\"https:\\\/\\\/aufildeno.com\\\/index.php\\\/product\\\/pochette-a-savons-petit-format\\\/#breadcrumb\"},\"inLanguage\":\"fr-FR\",\"potentialAction\":[{\"@type\":\"ReadAction\",\"target\":[\"https:\\\/\\\/aufildeno.com\\\/index.php\\\/product\\\/pochette-a-savons-petit-format\\\/\"]}]},{\"@type\":\"ImageObject\",\"inLanguage\":\"fr-FR\",\"@id\":\"https:\\\/\\\/aufildeno.com\\\/index.php\\\/product\\\/pochette-a-savons-petit-format\\\/#primaryimage\",\"url\":\"https:\\\/\\\/aufildeno.com\\\/wp-content\\\/uploads\\\/2025\\\/12\\\/Photos-produits-site-internet-12.jpeg\",\"contentUrl\":\"https:\\\/\\\/aufildeno.com\\\/wp-content\\\/uploads\\\/2025\\\/12\\\/Photos-produits-site-internet-12.jpeg\",\"width\":2048,\"height\":1536},{\"@type\":\"BreadcrumbList\",\"@id\":\"https:\\\/\\\/aufildeno.com\\\/index.php\\\/product\\\/pochette-a-savons-petit-format\\\/#breadcrumb\",\"itemListElement\":[{\"@type\":\"ListItem\",\"position\":1,\"name\":\"Home\",\"item\":\"https:\\\/\\\/aufildeno.com\\\/\"},{\"@type\":\"ListItem\",\"position\":2,\"name\":\"Shop\",\"item\":\"https:\\\/\\\/aufildeno.com\\\/index.php\\\/shop\\\/\"},{\"@type\":\"ListItem\",\"position\":3,\"name\":\"Pochette \u00e0 savons &#8211; Petit format\"}]},{\"@type\":\"WebSite\",\"@id\":\"https:\\\/\\\/aufildeno.com\\\/#website\",\"url\":\"https:\\\/\\\/aufildeno.com\\\/\",\"name\":\"Au Fil d&#039;Eno\",\"description\":\"\",\"potentialAction\":[{\"@type\":\"SearchAction\",\"target\":{\"@type\":\"EntryPoint\",\"urlTemplate\":\"https:\\\/\\\/aufildeno.com\\\/?s={search_term_string}\"},\"query-input\":{\"@type\":\"PropertyValueSpecification\",\"valueRequired\":true,\"valueName\":\"search_term_string\"}}],\"inLanguage\":\"fr-FR\"}]}<\/script>\n<!-- \/ Yoast SEO plugin. -->","yoast_head_json":{"title":"Pochette \u00e0 savons - Petit format - Au Fil d&#039;Eno","robots":{"index":"index","follow":"follow","max-snippet":"max-snippet:-1","max-image-preview":"max-image-preview:large","max-video-preview":"max-video-preview:-1"},"canonical":"https:\/\/aufildeno.com\/index.php\/product\/pochette-a-savons-petit-format\/","og_locale":"fr_FR","og_type":"article","og_title":"Pochette \u00e0 savons - Petit format - Au Fil d&#039;Eno","og_description":"Dites adieu au savon qui se ballade dans la trousse de toilette ou au sac plastique peu esth\u00e9tique ! Cette petite pochette \"enveloppe\" est l'accessoire indispensable pour transporter vos cosm\u00e9tiques solides (savon, shampoing, apr\u00e8s-shampoing) partout avec vous.  \u2728 Les points forts de ma cr\u00e9ation :    Format compact &amp; pratique : Sa forme enveloppe plate a \u00e9t\u00e9 pens\u00e9e pour se glisser facilement dans une trousse de toilette, une valise ou un sac de sport sans prendre de place.    Imperm\u00e9abilit\u00e9 totale : Cousue dans un tissu imperm\u00e9able. Vous pouvez y ranger votre savon m\u00eame s'il est encore humide : l'humidit\u00e9 reste prisonni\u00e8re \u00e0 l'int\u00e9rieur, prot\u00e9geant ainsi le reste de vos affaires.    Fermeture s\u00e9curis\u00e9e : Une pression solide et facile \u00e0 manipuler permet de maintenir votre savon bien en place lors de tous vos d\u00e9placements.    Savoir-faire artisanal : En tant que cr\u00e9atrice, je couds chaque pochette avec amour dans mon atelier. Choisir ce produit, c'est soutenir une fabrication fran\u00e7aise, \u00e9thique et durable.   \ud83c\udfa8 Une collection pour tous les styles : Que vous soyez adepte du chic intemporel ou des motifs vitamin\u00e9s, trouvez la pochette qui vous ressemble parmi tous mes\u00a0coloris exclusifs","og_url":"https:\/\/aufildeno.com\/index.php\/product\/pochette-a-savons-petit-format\/","og_site_name":"Au Fil d&#039;Eno","article_publisher":"https:\/\/www.facebook.com\/aufildenola","article_modified_time":"2026-01-29T17:21:47+00:00","og_image":[{"width":2048,"height":1536,"url":"https:\/\/aufildeno.com\/wp-content\/uploads\/2025\/12\/Photos-produits-site-internet-12.jpeg","type":"image\/jpeg"}],"twitter_card":"summary_large_image","twitter_misc":{"Dur\u00e9e de lecture estim\u00e9e":"1 minute"},"schema":{"@context":"https:\/\/schema.org","@graph":[{"@type":"WebPage","@id":"https:\/\/aufildeno.com\/index.php\/product\/pochette-a-savons-petit-format\/","url":"https:\/\/aufildeno.com\/index.php\/product\/pochette-a-savons-petit-format\/","name":"Pochette \u00e0 savons - Petit format - Au Fil d&#039;Eno","isPartOf":{"@id":"https:\/\/aufildeno.com\/#website"},"primaryImageOfPage":{"@id":"https:\/\/aufildeno.com\/index.php\/product\/pochette-a-savons-petit-format\/#primaryimage"},"image":{"@id":"https:\/\/aufildeno.com\/index.php\/product\/pochette-a-savons-petit-format\/#primaryimage"},"thumbnailUrl":"https:\/\/aufildeno.com\/wp-content\/uploads\/2025\/12\/Photos-produits-site-internet-12.jpeg","datePublished":"2025-12-24T12:41:34+00:00","dateModified":"2026-01-29T17:21:47+00:00","breadcrumb":{"@id":"https:\/\/aufildeno.com\/index.php\/product\/pochette-a-savons-petit-format\/#breadcrumb"},"inLanguage":"fr-FR","potentialAction":[{"@type":"ReadAction","target":["https:\/\/aufildeno.com\/index.php\/product\/pochette-a-savons-petit-format\/"]}]},{"@type":"ImageObject","inLanguage":"fr-FR","@id":"https:\/\/aufildeno.com\/index.php\/product\/pochette-a-savons-petit-format\/#primaryimage","url":"https:\/\/aufildeno.com\/wp-content\/uploads\/2025\/12\/Photos-produits-site-internet-12.jpeg","contentUrl":"https:\/\/aufildeno.com\/wp-content\/uploads\/2025\/12\/Photos-produits-site-internet-12.jpeg","width":2048,"height":1536},{"@type":"BreadcrumbList","@id":"https:\/\/aufildeno.com\/index.php\/product\/pochette-a-savons-petit-format\/#breadcrumb","itemListElement":[{"@type":"ListItem","position":1,"name":"Home","item":"https:\/\/aufildeno.com\/"},{"@type":"ListItem","position":2,"name":"Shop","item":"https:\/\/aufildeno.com\/index.php\/shop\/"},{"@type":"ListItem","position":3,"name":"Pochette \u00e0 savons &#8211; Petit format"}]},{"@type":"WebSite","@id":"https:\/\/aufildeno.com\/#website","url":"https:\/\/aufildeno.com\/","name":"Au Fil d&#039;Eno","description":"","potentialAction":[{"@type":"SearchAction","target":{"@type":"EntryPoint","urlTemplate":"https:\/\/aufildeno.com\/?s={search_term_string}"},"query-input":{"@type":"PropertyValueSpecification","valueRequired":true,"valueName":"search_term_string"}}],"inLanguage":"fr-FR"}]}},"jetpack_sharing_enabled":true,"_links":{"self":[{"href":"https:\/\/aufildeno.com\/index.php\/wp-json\/wp\/v2\/product\/895","targetHints":{"allow":["GET"]}}],"collection":[{"href":"https:\/\/aufildeno.com\/index.php\/wp-json\/wp\/v2\/product"}],"about":[{"href":"https:\/\/aufildeno.com\/index.php\/wp-json\/wp\/v2\/types\/product"}],"replies":[{"embeddable":true,"href":"https:\/\/aufildeno.com\/index.php\/wp-json\/wp\/v2\/comments?post=895"}],"wp:featuredmedia":[{"embeddable":true,"href":"https:\/\/aufildeno.com\/index.php\/wp-json\/wp\/v2\/media\/896"}],"wp:attachment":[{"href":"https:\/\/aufildeno.com\/index.php\/wp-json\/wp\/v2\/media?parent=895"}],"wp:term":[{"taxonomy":"product_brand","embeddable":true,"href":"https:\/\/aufildeno.com\/index.php\/wp-json\/wp\/v2\/product_brand?post=895"},{"taxonomy":"product_cat","embeddable":true,"href":"https:\/\/aufildeno.com\/index.php\/wp-json\/wp\/v2\/product_cat?post=895"},{"taxonomy":"product_tag","embeddable":true,"href":"https:\/\/aufildeno.com\/index.php\/wp-json\/wp\/v2\/product_tag?post=895"}],"curies":[{"name":"wp","href":"https:\/\/api.w.org\/{rel}","templated":true}]}}