{"id":971,"date":"2026-01-26T20:56:49","date_gmt":"2026-01-26T19:56:49","guid":{"rendered":"https:\/\/aufildeno.com\/?post_type=product&#038;p=971"},"modified":"2026-02-26T08:32:24","modified_gmt":"2026-02-26T07:32:24","slug":"trousse-de-toilette-liconique-matelassee","status":"publish","type":"product","link":"https:\/\/aufildeno.com\/index.php\/product\/trousse-de-toilette-liconique-matelassee\/","title":{"rendered":"Trousse de toilette &#8211; L\u2019iconique matelass\u00e9e"},"content":{"rendered":"<h3 data-path-to-node=\"9\">Caract\u00e9ristiques &amp; Entretien<\/h3>\n<ul data-path-to-node=\"10\">\n<li>\n<p data-path-to-node=\"10,0,0\"><b data-path-to-node=\"10,0,0\" data-index-in-node=\"0\">Fabrication :<\/b> Cousue main avec amour dans mon atelier.<\/p>\n<\/li>\n<li>\n<p data-path-to-node=\"10,1,0\"><b data-path-to-node=\"10,1,0\" data-index-in-node=\"0\">Mati\u00e8res :<\/b> Tissu matelass\u00e9, biais satin\u00e9, zip m\u00e9tal dor\u00e9.<\/p>\n<\/li>\n<li>\n<p data-path-to-node=\"10,2,0\"><b data-path-to-node=\"10,2,0\" data-index-in-node=\"0\">Conseil de votre cr\u00e9atrice :<\/b> Lavage \u00e0 30\u00b0C en cycle d\u00e9licat. Pour pr\u00e9server l&rsquo;\u00e9clat du zip et le gonflant du matelassage, privil\u00e9giez un s\u00e9chage \u00e0 l&rsquo;air libre.<\/p>\n<\/li>\n<\/ul>\n<p><b data-path-to-node=\"12,0\" data-index-in-node=\"0\">Le petit mot de la cr\u00e9atrice :<\/b> <i data-path-to-node=\"12,0\" data-index-in-node=\"31\">\u00ab\u00a0Avec cette trousse, je voulais aller au bout de ma d\u00e9marche d&rsquo;artisan. L&rsquo;ajout du biais en satin \u00e0 l&rsquo;int\u00e9rieur n&rsquo;est pas seulement une question d&rsquo;esth\u00e9tique, c&rsquo;est une promesse de solidit\u00e9 et de luxe discret que vous sentirez \u00e0 chaque utilisation. Chaque cr\u00e9ation est faite \u00e0 la main et de l\u00e9g\u00e8res diff\u00e9rences peuvent donc s\u2019observer d\u2019un mod\u00e8le \u00e0 un autre.\u00a0\u00bb<\/i><\/p>\n","protected":false},"excerpt":{"rendered":"<h3 data-path-to-node=\"4\">Le luxe du d\u00e9tail, \u00e0 l&rsquo;int\u00e9rieur comme \u00e0 l&rsquo;ext\u00e9rieur<\/h3>\n<p data-path-to-node=\"5\">D\u00e9couvrez notre grande trousse de toilette, une cr\u00e9ation qui allie la modernit\u00e9 du <b data-path-to-node=\"5\" data-index-in-node=\"95\">tissu matelass\u00e9<\/b> au raffinement de la couture artisanale. Pens\u00e9e pour ceux qui aiment les beaux objets durables, elle se distingue par sa l\u00e9g\u00e8ret\u00e9 et sa grande capacit\u00e9.<\/p>\n<p data-path-to-node=\"6\">Le v\u00e9ritable secret de cette trousse se cache \u00e0 l\u2019int\u00e9rieur : pour vous offrir un produit d&rsquo;exception, chaque couture est <b data-path-to-node=\"6\" data-index-in-node=\"122\">enti\u00e8rement gans\u00e9e avec un biais en satin<\/b>. Cette finition haut de gamme, longue et minutieuse \u00e0 r\u00e9aliser, cache les bords du tissu pour un int\u00e9rieur aussi soyeux et \u00e9l\u00e9gant que l&rsquo;ext\u00e9rieur.<\/p>\n<h3 data-path-to-node=\"7\">Ses atouts uniques :<\/h3>\n<ul data-path-to-node=\"8\">\n<li>\n<p data-path-to-node=\"8,0,0\"><b data-path-to-node=\"8,0,0\" data-index-in-node=\"0\">Volume XL :<\/b> Une capacit\u00e9 de rangement maximale sans poches int\u00e9rieures pour ne perdre aucun centim\u00e8tre carr\u00e9. Elle accueille sans peine vos grands flacons, brosses et accessoires.<\/p>\n<\/li>\n<li>\n<p data-path-to-node=\"8,1,0\"><b data-path-to-node=\"8,1,0\" data-index-in-node=\"0\">Protection Matelass\u00e9e :<\/b> Son \u00e9paisseur piqu\u00e9e prot\u00e8ge vos produits fragiles et assure que la trousse garde sa forme, m\u00eame vide.<\/p>\n<\/li>\n<li>\n<p data-path-to-node=\"8,2,0\"><b data-path-to-node=\"8,2,0\" data-index-in-node=\"0\">Fermeture \u00c9clair Dor\u00e9e :<\/b> Un zip m\u00e9tallique lumineux qui apporte une touche \u00e9clatante et sophistiqu\u00e9e \u00e0 l&rsquo;ensemble.<\/p>\n<\/li>\n<li>\n<p data-path-to-node=\"8,3,0\"><b data-path-to-node=\"8,3,0\" data-index-in-node=\"0\">Finitons Prestige :<\/b> Le biais de satin int\u00e9rieur \u00e9vite tout effilochage et offre une douceur incomparable au passage de la main.<\/p>\n<\/li>\n<\/ul>\n","protected":false},"featured_media":977,"comment_status":"open","ping_status":"closed","template":"","meta":[],"product_brand":[],"product_cat":[33],"product_tag":[],"class_list":{"0":"post-971","1":"product","2":"type-product","3":"status-publish","4":"has-post-thumbnail","6":"product_cat-pour-voyager","8":"first","9":"instock","10":"shipping-taxable","11":"purchasable","12":"product-type-variable"},"yoast_head":"<!-- This site is optimized with the Yoast SEO plugin v27.4 - https:\/\/yoast.com\/product\/yoast-seo-wordpress\/ -->\n<title>Trousse de toilette - L\u2019iconique matelass\u00e9e - Au Fil d&#039;Eno<\/title>\n<meta name=\"robots\" content=\"index, follow, max-snippet:-1, max-image-preview:large, max-video-preview:-1\" \/>\n<link rel=\"canonical\" href=\"https:\/\/aufildeno.com\/index.php\/product\/trousse-de-toilette-liconique-matelassee\/\" \/>\n<meta property=\"og:locale\" content=\"fr_FR\" \/>\n<meta property=\"og:type\" content=\"article\" \/>\n<meta property=\"og:title\" content=\"Trousse de toilette - L\u2019iconique matelass\u00e9e - Au Fil d&#039;Eno\" \/>\n<meta property=\"og:description\" content=\"Le luxe du d\u00e9tail, \u00e0 l&#039;int\u00e9rieur comme \u00e0 l&#039;ext\u00e9rieur D\u00e9couvrez notre grande trousse de toilette, une cr\u00e9ation qui allie la modernit\u00e9 du tissu matelass\u00e9 au raffinement de la couture artisanale. Pens\u00e9e pour ceux qui aiment les beaux objets durables, elle se distingue par sa l\u00e9g\u00e8ret\u00e9 et sa grande capacit\u00e9. Le v\u00e9ritable secret de cette trousse se cache \u00e0 l\u2019int\u00e9rieur : pour vous offrir un produit d&#039;exception, chaque couture est enti\u00e8rement gans\u00e9e avec un biais en satin. Cette finition haut de gamme, longue et minutieuse \u00e0 r\u00e9aliser, cache les bords du tissu pour un int\u00e9rieur aussi soyeux et \u00e9l\u00e9gant que l&#039;ext\u00e9rieur.  Ses atouts uniques :    Volume XL : Une capacit\u00e9 de rangement maximale sans poches int\u00e9rieures pour ne perdre aucun centim\u00e8tre carr\u00e9. Elle accueille sans peine vos grands flacons, brosses et accessoires.    Protection Matelass\u00e9e : Son \u00e9paisseur piqu\u00e9e prot\u00e8ge vos produits fragiles et assure que la trousse garde sa forme, m\u00eame vide.    Fermeture \u00c9clair Dor\u00e9e : Un zip m\u00e9tallique lumineux qui apporte une touche \u00e9clatante et sophistiqu\u00e9e \u00e0 l&#039;ensemble.    Finitons Prestige : Le biais de satin int\u00e9rieur \u00e9vite tout effilochage et offre une douceur incomparable au passage de la main.\" \/>\n<meta property=\"og:url\" content=\"https:\/\/aufildeno.com\/index.php\/product\/trousse-de-toilette-liconique-matelassee\/\" \/>\n<meta property=\"og:site_name\" content=\"Au Fil d&#039;Eno\" \/>\n<meta property=\"article:publisher\" content=\"https:\/\/www.facebook.com\/aufildenola\" \/>\n<meta property=\"article:modified_time\" content=\"2026-02-26T07:32:24+00:00\" \/>\n<meta property=\"og:image\" content=\"https:\/\/aufildeno.com\/wp-content\/uploads\/2026\/01\/Photos-produits-site-internet-31.jpg\" \/>\n\t<meta property=\"og:image:width\" content=\"2048\" \/>\n\t<meta property=\"og:image:height\" content=\"1536\" \/>\n\t<meta property=\"og:image:type\" content=\"image\/jpeg\" \/>\n<meta name=\"twitter:card\" content=\"summary_large_image\" \/>\n<meta name=\"twitter:label1\" content=\"Dur\u00e9e de lecture estim\u00e9e\" \/>\n\t<meta name=\"twitter:data1\" content=\"1 minute\" \/>\n<script type=\"application\/ld+json\" class=\"yoast-schema-graph\">{\"@context\":\"https:\\\/\\\/schema.org\",\"@graph\":[{\"@type\":\"WebPage\",\"@id\":\"https:\\\/\\\/aufildeno.com\\\/index.php\\\/product\\\/trousse-de-toilette-liconique-matelassee\\\/\",\"url\":\"https:\\\/\\\/aufildeno.com\\\/index.php\\\/product\\\/trousse-de-toilette-liconique-matelassee\\\/\",\"name\":\"Trousse de toilette - L\u2019iconique matelass\u00e9e - Au Fil d&#039;Eno\",\"isPartOf\":{\"@id\":\"https:\\\/\\\/aufildeno.com\\\/#website\"},\"primaryImageOfPage\":{\"@id\":\"https:\\\/\\\/aufildeno.com\\\/index.php\\\/product\\\/trousse-de-toilette-liconique-matelassee\\\/#primaryimage\"},\"image\":{\"@id\":\"https:\\\/\\\/aufildeno.com\\\/index.php\\\/product\\\/trousse-de-toilette-liconique-matelassee\\\/#primaryimage\"},\"thumbnailUrl\":\"https:\\\/\\\/aufildeno.com\\\/wp-content\\\/uploads\\\/2026\\\/01\\\/Photos-produits-site-internet-31.jpg\",\"datePublished\":\"2026-01-26T19:56:49+00:00\",\"dateModified\":\"2026-02-26T07:32:24+00:00\",\"breadcrumb\":{\"@id\":\"https:\\\/\\\/aufildeno.com\\\/index.php\\\/product\\\/trousse-de-toilette-liconique-matelassee\\\/#breadcrumb\"},\"inLanguage\":\"fr-FR\",\"potentialAction\":[{\"@type\":\"ReadAction\",\"target\":[\"https:\\\/\\\/aufildeno.com\\\/index.php\\\/product\\\/trousse-de-toilette-liconique-matelassee\\\/\"]}]},{\"@type\":\"ImageObject\",\"inLanguage\":\"fr-FR\",\"@id\":\"https:\\\/\\\/aufildeno.com\\\/index.php\\\/product\\\/trousse-de-toilette-liconique-matelassee\\\/#primaryimage\",\"url\":\"https:\\\/\\\/aufildeno.com\\\/wp-content\\\/uploads\\\/2026\\\/01\\\/Photos-produits-site-internet-31.jpg\",\"contentUrl\":\"https:\\\/\\\/aufildeno.com\\\/wp-content\\\/uploads\\\/2026\\\/01\\\/Photos-produits-site-internet-31.jpg\",\"width\":2048,\"height\":1536},{\"@type\":\"BreadcrumbList\",\"@id\":\"https:\\\/\\\/aufildeno.com\\\/index.php\\\/product\\\/trousse-de-toilette-liconique-matelassee\\\/#breadcrumb\",\"itemListElement\":[{\"@type\":\"ListItem\",\"position\":1,\"name\":\"Home\",\"item\":\"https:\\\/\\\/aufildeno.com\\\/\"},{\"@type\":\"ListItem\",\"position\":2,\"name\":\"Shop\",\"item\":\"https:\\\/\\\/aufildeno.com\\\/index.php\\\/shop\\\/\"},{\"@type\":\"ListItem\",\"position\":3,\"name\":\"Trousse de toilette &#8211; L\u2019iconique matelass\u00e9e\"}]},{\"@type\":\"WebSite\",\"@id\":\"https:\\\/\\\/aufildeno.com\\\/#website\",\"url\":\"https:\\\/\\\/aufildeno.com\\\/\",\"name\":\"Au Fil d&#039;Eno\",\"description\":\"\",\"potentialAction\":[{\"@type\":\"SearchAction\",\"target\":{\"@type\":\"EntryPoint\",\"urlTemplate\":\"https:\\\/\\\/aufildeno.com\\\/?s={search_term_string}\"},\"query-input\":{\"@type\":\"PropertyValueSpecification\",\"valueRequired\":true,\"valueName\":\"search_term_string\"}}],\"inLanguage\":\"fr-FR\"}]}<\/script>\n<!-- \/ Yoast SEO plugin. -->","yoast_head_json":{"title":"Trousse de toilette - L\u2019iconique matelass\u00e9e - Au Fil d&#039;Eno","robots":{"index":"index","follow":"follow","max-snippet":"max-snippet:-1","max-image-preview":"max-image-preview:large","max-video-preview":"max-video-preview:-1"},"canonical":"https:\/\/aufildeno.com\/index.php\/product\/trousse-de-toilette-liconique-matelassee\/","og_locale":"fr_FR","og_type":"article","og_title":"Trousse de toilette - L\u2019iconique matelass\u00e9e - Au Fil d&#039;Eno","og_description":"Le luxe du d\u00e9tail, \u00e0 l'int\u00e9rieur comme \u00e0 l'ext\u00e9rieur D\u00e9couvrez notre grande trousse de toilette, une cr\u00e9ation qui allie la modernit\u00e9 du tissu matelass\u00e9 au raffinement de la couture artisanale. Pens\u00e9e pour ceux qui aiment les beaux objets durables, elle se distingue par sa l\u00e9g\u00e8ret\u00e9 et sa grande capacit\u00e9. Le v\u00e9ritable secret de cette trousse se cache \u00e0 l\u2019int\u00e9rieur : pour vous offrir un produit d'exception, chaque couture est enti\u00e8rement gans\u00e9e avec un biais en satin. Cette finition haut de gamme, longue et minutieuse \u00e0 r\u00e9aliser, cache les bords du tissu pour un int\u00e9rieur aussi soyeux et \u00e9l\u00e9gant que l'ext\u00e9rieur.  Ses atouts uniques :    Volume XL : Une capacit\u00e9 de rangement maximale sans poches int\u00e9rieures pour ne perdre aucun centim\u00e8tre carr\u00e9. Elle accueille sans peine vos grands flacons, brosses et accessoires.    Protection Matelass\u00e9e : Son \u00e9paisseur piqu\u00e9e prot\u00e8ge vos produits fragiles et assure que la trousse garde sa forme, m\u00eame vide.    Fermeture \u00c9clair Dor\u00e9e : Un zip m\u00e9tallique lumineux qui apporte une touche \u00e9clatante et sophistiqu\u00e9e \u00e0 l'ensemble.    Finitons Prestige : Le biais de satin int\u00e9rieur \u00e9vite tout effilochage et offre une douceur incomparable au passage de la main.","og_url":"https:\/\/aufildeno.com\/index.php\/product\/trousse-de-toilette-liconique-matelassee\/","og_site_name":"Au Fil d&#039;Eno","article_publisher":"https:\/\/www.facebook.com\/aufildenola","article_modified_time":"2026-02-26T07:32:24+00:00","og_image":[{"width":2048,"height":1536,"url":"https:\/\/aufildeno.com\/wp-content\/uploads\/2026\/01\/Photos-produits-site-internet-31.jpg","type":"image\/jpeg"}],"twitter_card":"summary_large_image","twitter_misc":{"Dur\u00e9e de lecture estim\u00e9e":"1 minute"},"schema":{"@context":"https:\/\/schema.org","@graph":[{"@type":"WebPage","@id":"https:\/\/aufildeno.com\/index.php\/product\/trousse-de-toilette-liconique-matelassee\/","url":"https:\/\/aufildeno.com\/index.php\/product\/trousse-de-toilette-liconique-matelassee\/","name":"Trousse de toilette - L\u2019iconique matelass\u00e9e - Au Fil d&#039;Eno","isPartOf":{"@id":"https:\/\/aufildeno.com\/#website"},"primaryImageOfPage":{"@id":"https:\/\/aufildeno.com\/index.php\/product\/trousse-de-toilette-liconique-matelassee\/#primaryimage"},"image":{"@id":"https:\/\/aufildeno.com\/index.php\/product\/trousse-de-toilette-liconique-matelassee\/#primaryimage"},"thumbnailUrl":"https:\/\/aufildeno.com\/wp-content\/uploads\/2026\/01\/Photos-produits-site-internet-31.jpg","datePublished":"2026-01-26T19:56:49+00:00","dateModified":"2026-02-26T07:32:24+00:00","breadcrumb":{"@id":"https:\/\/aufildeno.com\/index.php\/product\/trousse-de-toilette-liconique-matelassee\/#breadcrumb"},"inLanguage":"fr-FR","potentialAction":[{"@type":"ReadAction","target":["https:\/\/aufildeno.com\/index.php\/product\/trousse-de-toilette-liconique-matelassee\/"]}]},{"@type":"ImageObject","inLanguage":"fr-FR","@id":"https:\/\/aufildeno.com\/index.php\/product\/trousse-de-toilette-liconique-matelassee\/#primaryimage","url":"https:\/\/aufildeno.com\/wp-content\/uploads\/2026\/01\/Photos-produits-site-internet-31.jpg","contentUrl":"https:\/\/aufildeno.com\/wp-content\/uploads\/2026\/01\/Photos-produits-site-internet-31.jpg","width":2048,"height":1536},{"@type":"BreadcrumbList","@id":"https:\/\/aufildeno.com\/index.php\/product\/trousse-de-toilette-liconique-matelassee\/#breadcrumb","itemListElement":[{"@type":"ListItem","position":1,"name":"Home","item":"https:\/\/aufildeno.com\/"},{"@type":"ListItem","position":2,"name":"Shop","item":"https:\/\/aufildeno.com\/index.php\/shop\/"},{"@type":"ListItem","position":3,"name":"Trousse de toilette &#8211; L\u2019iconique matelass\u00e9e"}]},{"@type":"WebSite","@id":"https:\/\/aufildeno.com\/#website","url":"https:\/\/aufildeno.com\/","name":"Au Fil d&#039;Eno","description":"","potentialAction":[{"@type":"SearchAction","target":{"@type":"EntryPoint","urlTemplate":"https:\/\/aufildeno.com\/?s={search_term_string}"},"query-input":{"@type":"PropertyValueSpecification","valueRequired":true,"valueName":"search_term_string"}}],"inLanguage":"fr-FR"}]}},"jetpack_sharing_enabled":true,"_links":{"self":[{"href":"https:\/\/aufildeno.com\/index.php\/wp-json\/wp\/v2\/product\/971","targetHints":{"allow":["GET"]}}],"collection":[{"href":"https:\/\/aufildeno.com\/index.php\/wp-json\/wp\/v2\/product"}],"about":[{"href":"https:\/\/aufildeno.com\/index.php\/wp-json\/wp\/v2\/types\/product"}],"replies":[{"embeddable":true,"href":"https:\/\/aufildeno.com\/index.php\/wp-json\/wp\/v2\/comments?post=971"}],"wp:featuredmedia":[{"embeddable":true,"href":"https:\/\/aufildeno.com\/index.php\/wp-json\/wp\/v2\/media\/977"}],"wp:attachment":[{"href":"https:\/\/aufildeno.com\/index.php\/wp-json\/wp\/v2\/media?parent=971"}],"wp:term":[{"taxonomy":"product_brand","embeddable":true,"href":"https:\/\/aufildeno.com\/index.php\/wp-json\/wp\/v2\/product_brand?post=971"},{"taxonomy":"product_cat","embeddable":true,"href":"https:\/\/aufildeno.com\/index.php\/wp-json\/wp\/v2\/product_cat?post=971"},{"taxonomy":"product_tag","embeddable":true,"href":"https:\/\/aufildeno.com\/index.php\/wp-json\/wp\/v2\/product_tag?post=971"}],"curies":[{"name":"wp","href":"https:\/\/api.w.org\/{rel}","templated":true}]}}